{"id":121,"date":"2025-05-04T09:57:26","date_gmt":"2025-05-04T07:57:26","guid":{"rendered":"https:\/\/www.humboldt-ka.de\/?page_id=121"},"modified":"2026-02-26T12:32:02","modified_gmt":"2026-02-26T11:32:02","slug":"profilwahl","status":"publish","type":"page","link":"https:\/\/www.humboldt-ka.de\/index.php\/unsere-schule\/profil\/profilwahl\/","title":{"rendered":"Profilwahl"},"content":{"rendered":"\n<figure class=\"wp-block-image alignright size-medium is-resized\"><img loading=\"lazy\" decoding=\"async\" width=\"300\" height=\"200\" src=\"https:\/\/www.humboldt-ka.de\/wp-content\/uploads\/2026\/01\/question-mark-3839456_1280-300x200.jpg\" alt=\"Symbolbild: CGI-Bild einer vermenschlichten Gl\u00fchbirne mit Armen und Beinen, die vor drei wei\u00dfen T\u00fcren steht, die alle mit einem Fragezeichen beschriftet sind.\" class=\"wp-image-873\" style=\"aspect-ratio:1.5000610426077403;width:346px;height:auto\" srcset=\"https:\/\/www.humboldt-ka.de\/wp-content\/uploads\/2026\/01\/question-mark-3839456_1280-300x200.jpg 300w, https:\/\/www.humboldt-ka.de\/wp-content\/uploads\/2026\/01\/question-mark-3839456_1280-1024x682.jpg 1024w, https:\/\/www.humboldt-ka.de\/wp-content\/uploads\/2026\/01\/question-mark-3839456_1280-768x512.jpg 768w, https:\/\/www.humboldt-ka.de\/wp-content\/uploads\/2026\/01\/question-mark-3839456_1280.jpg 1280w\" sizes=\"auto, (max-width: 300px) 100vw, 300px\" \/><\/figure>\n\n\n\n<p>Unsere Sch\u00fclerinnen und Sch\u00fcler im \u201ealten\u201c G9 w\u00e4hlen in Klasse 8 ihr Profil, das den Weg ab Klasse 9 vorzeichnet: Naturwissenschaftliches Profil (NwT als Hauptfach), informatisches Profil (IMP als Hauptfach) oder sprachliches Profil (Spanisch als Hauptfach). Unten finden Sie die entsprechenden Profilbeschreibungen und eine Grafik, die die Wahlm\u00f6glichkeiten verdeutlicht.<\/p>\n\n\n\n<p>Die Sch\u00fclerinnen und Sch\u00fcler, die 2025 \/ 2026 in der 5. oder 6. Klasse waren, werden nach dem \u201eneuen\u201c G9 unterrichtet. Sie w\u00e4hlen bereits in der 7. Klasse ihr Profil, das sie ab Klasse 8 besuchen: naturwissenschaftliches Profil (NIT &#8211; Naturwissenschaft, Informatik und Technik) oder sprachliches Profil (Spanisch). Da es zu NIT noch keinen fertigen Bildungsplan gibt, m\u00fcssen sich Interessierte an der Profilbeschreibung NwT orientieren. Das Profil \u201eG9 neu\u201c ist unten in einer Grafik visualisiert.<\/p>\n\n\n\n<h2 class=\"wp-block-heading\">Profilbeschreibungen<\/h2>\n\n\n\n<div class=\"wp-block-file\"><a id=\"wp-block-file--media-5023c51a-cc50-4d5b-b267-1b6aa3e7b13e\" href=\"https:\/\/www.humboldt-ka.de\/wp-content\/uploads\/2025\/05\/profilfach_spanisch.pdf\">Profilbeschreibung Spanisch<\/a><\/div>\n\n\n\n<div class=\"wp-block-file\"><a id=\"wp-block-file--media-2453b076-5254-4a60-b792-ac08c4ef231c\" href=\"https:\/\/www.humboldt-ka.de\/wp-content\/uploads\/2025\/05\/profil_nwt_am_hgk_bp2016.pdf\">Profilbeschreibung NwT<\/a><\/div>\n\n\n\n<div class=\"wp-block-file\"><a id=\"wp-block-file--media-17e6f74a-bb84-4b89-aa74-9498e1a798f4\" href=\"https:\/\/www.humboldt-ka.de\/wp-content\/uploads\/2025\/05\/profilwahl_imp.pdf\">Profilbeschreibung IMP<\/a><\/div>\n\n\n\n<h2 class=\"wp-block-heading\">Informationen zu unserem Profil (G9)<\/h2>\n\n\n\n<figure class=\"wp-block-image size-large\"><img loading=\"lazy\" decoding=\"async\" width=\"1024\" height=\"388\" src=\"https:\/\/www.humboldt-ka.de\/wp-content\/uploads\/2025\/05\/profil-1024x388.png\" alt=\"Schema, das die Profilwahl darstellt.\nAb der 9. Klasse kann gew\u00e4hlt werden, ob Spanisch, NwT oder IMP\" class=\"wp-image-122\" srcset=\"https:\/\/www.humboldt-ka.de\/wp-content\/uploads\/2025\/05\/profil-1024x388.png 1024w, https:\/\/www.humboldt-ka.de\/wp-content\/uploads\/2025\/05\/profil-300x114.png 300w, https:\/\/www.humboldt-ka.de\/wp-content\/uploads\/2025\/05\/profil-768x291.png 768w, https:\/\/www.humboldt-ka.de\/wp-content\/uploads\/2025\/05\/profil.png 1131w\" sizes=\"auto, (max-width: 1024px) 100vw, 1024px\" \/><\/figure>\n\n\n\n<h2 class=\"wp-block-heading\">Informationen zu unserem Profil (G9 neu)<\/h2>\n\n\n\n<figure class=\"wp-block-image size-large\"><img loading=\"lazy\" decoding=\"async\" width=\"1024\" height=\"442\" src=\"https:\/\/www.humboldt-ka.de\/wp-content\/uploads\/2026\/01\/Sprach-und-Profilwahl-2025-1024x442.png\" alt=\"\" class=\"wp-image-669\" srcset=\"https:\/\/www.humboldt-ka.de\/wp-content\/uploads\/2026\/01\/Sprach-und-Profilwahl-2025-1024x442.png 1024w, https:\/\/www.humboldt-ka.de\/wp-content\/uploads\/2026\/01\/Sprach-und-Profilwahl-2025-300x130.png 300w, https:\/\/www.humboldt-ka.de\/wp-content\/uploads\/2026\/01\/Sprach-und-Profilwahl-2025-768x332.png 768w, https:\/\/www.humboldt-ka.de\/wp-content\/uploads\/2026\/01\/Sprach-und-Profilwahl-2025-1536x664.png 1536w, https:\/\/www.humboldt-ka.de\/wp-content\/uploads\/2026\/01\/Sprach-und-Profilwahl-2025-2048x885.png 2048w\" sizes=\"auto, (max-width: 1024px) 100vw, 1024px\" \/><\/figure>\n\n\n\n<p><\/p>\n","protected":false},"excerpt":{"rendered":"<p>Unsere Sch\u00fclerinnen und Sch\u00fcler im \u201ealten\u201c G9 w\u00e4hlen in Klasse 8 ihr Profil, das den Weg ab Klasse 9 vorzeichnet: Naturwissenschaftliches Profil (NwT als Hauptfach), informatisches Profil (IMP als Hauptfach) oder sprachliches Profil (Spanisch als Hauptfach). Unten finden Sie die entsprechenden Profilbeschreibungen und eine Grafik, die die Wahlm\u00f6glichkeiten verdeutlicht. Die Sch\u00fclerinnen und Sch\u00fcler, die 2025 [&hellip;]<\/p>\n","protected":false},"author":1,"featured_media":0,"parent":104,"menu_order":0,"comment_status":"closed","ping_status":"closed","template":"","meta":{"footnotes":""},"class_list":["post-121","page","type-page","status-publish","hentry"],"_links":{"self":[{"href":"https:\/\/www.humboldt-ka.de\/index.php\/wp-json\/wp\/v2\/pages\/121","targetHints":{"allow":["GET"]}}],"collection":[{"href":"https:\/\/www.humboldt-ka.de\/index.php\/wp-json\/wp\/v2\/pages"}],"about":[{"href":"https:\/\/www.humboldt-ka.de\/index.php\/wp-json\/wp\/v2\/types\/page"}],"author":[{"embeddable":true,"href":"https:\/\/www.humboldt-ka.de\/index.php\/wp-json\/wp\/v2\/users\/1"}],"replies":[{"embeddable":true,"href":"https:\/\/www.humboldt-ka.de\/index.php\/wp-json\/wp\/v2\/comments?post=121"}],"version-history":[{"count":9,"href":"https:\/\/www.humboldt-ka.de\/index.php\/wp-json\/wp\/v2\/pages\/121\/revisions"}],"predecessor-version":[{"id":1005,"href":"https:\/\/www.humboldt-ka.de\/index.php\/wp-json\/wp\/v2\/pages\/121\/revisions\/1005"}],"up":[{"embeddable":true,"href":"https:\/\/www.humboldt-ka.de\/index.php\/wp-json\/wp\/v2\/pages\/104"}],"wp:attachment":[{"href":"https:\/\/www.humboldt-ka.de\/index.php\/wp-json\/wp\/v2\/media?parent=121"}],"curies":[{"name":"wp","href":"https:\/\/api.w.org\/{rel}","templated":true}]}}