{"id":156,"date":"2025-05-04T14:16:27","date_gmt":"2025-05-04T12:16:27","guid":{"rendered":"https:\/\/www.humboldt-ka.de\/index.php\/?page_id=156"},"modified":"2026-02-05T09:20:36","modified_gmt":"2026-02-05T08:20:36","slug":"team-der-schulleitung","status":"publish","type":"page","link":"https:\/\/www.humboldt-ka.de\/index.php\/unsere-schule\/team-der-schulleitung\/","title":{"rendered":"Schulleitung"},"content":{"rendered":"\n<div class=\"wp-block-columns is-layout-flex wp-container-core-columns-is-layout-28f84493 wp-block-columns-is-layout-flex\">\n<div class=\"wp-block-column is-layout-flow wp-block-column-is-layout-flow\">\n<figure class=\"wp-block-image size-full\"><img loading=\"lazy\" decoding=\"async\" width=\"1920\" height=\"1171\" src=\"https:\/\/www.humboldt-ka.de\/wp-content\/uploads\/2026\/02\/IMG_5578.jpeg\" alt=\"Foto des Schulleitungsteams des HGK. Sechs Personen stehen hinter einem B\u00fcrotisch vor einer wei\u00dfen Wand und l\u00e4cheln in die Kamera: Hans B\u00e4ckel, Christiane Lind\u00f6rfer-Oberle, Susanne Lederer, Ulrich Hecking, Christian Baum, Wolfgang Heil\" class=\"wp-image-1204\" srcset=\"https:\/\/www.humboldt-ka.de\/wp-content\/uploads\/2026\/02\/IMG_5578.jpeg 1920w, https:\/\/www.humboldt-ka.de\/wp-content\/uploads\/2026\/02\/IMG_5578-300x183.jpeg 300w, https:\/\/www.humboldt-ka.de\/wp-content\/uploads\/2026\/02\/IMG_5578-1024x625.jpeg 1024w, https:\/\/www.humboldt-ka.de\/wp-content\/uploads\/2026\/02\/IMG_5578-768x468.jpeg 768w, https:\/\/www.humboldt-ka.de\/wp-content\/uploads\/2026\/02\/IMG_5578-1536x937.jpeg 1536w\" sizes=\"auto, (max-width: 1920px) 100vw, 1920px\" \/><\/figure>\n<\/div>\n<\/div>\n\n\n\n<p>v.l.n.r. Hans B\u00e4ckel (Abteilungsleiter) , Christiane Lind\u00f6rfer-Oberle (Abteilungsleiterin) , Susanne Lederer (Abteilungsleiterin), Ulrich Hecking (Schulleiter) , Christian Baum (Abteilungsleiter) und Wolfgang Heil (stellvertretender Schulleiter)<\/p>\n\n\n\n<p><\/p>\n","protected":false},"excerpt":{"rendered":"<p>v.l.n.r. Hans B\u00e4ckel (Abteilungsleiter) , Christiane Lind\u00f6rfer-Oberle (Abteilungsleiterin) , Susanne Lederer (Abteilungsleiterin), Ulrich Hecking (Schulleiter) , Christian Baum (Abteilungsleiter) und Wolfgang Heil (stellvertretender Schulleiter)<\/p>\n","protected":false},"author":1,"featured_media":0,"parent":73,"menu_order":0,"comment_status":"closed","ping_status":"closed","template":"","meta":{"footnotes":""},"class_list":["post-156","page","type-page","status-publish","hentry"],"_links":{"self":[{"href":"https:\/\/www.humboldt-ka.de\/index.php\/wp-json\/wp\/v2\/pages\/156","targetHints":{"allow":["GET"]}}],"collection":[{"href":"https:\/\/www.humboldt-ka.de\/index.php\/wp-json\/wp\/v2\/pages"}],"about":[{"href":"https:\/\/www.humboldt-ka.de\/index.php\/wp-json\/wp\/v2\/types\/page"}],"author":[{"embeddable":true,"href":"https:\/\/www.humboldt-ka.de\/index.php\/wp-json\/wp\/v2\/users\/1"}],"replies":[{"embeddable":true,"href":"https:\/\/www.humboldt-ka.de\/index.php\/wp-json\/wp\/v2\/comments?post=156"}],"version-history":[{"count":12,"href":"https:\/\/www.humboldt-ka.de\/index.php\/wp-json\/wp\/v2\/pages\/156\/revisions"}],"predecessor-version":[{"id":1206,"href":"https:\/\/www.humboldt-ka.de\/index.php\/wp-json\/wp\/v2\/pages\/156\/revisions\/1206"}],"up":[{"embeddable":true,"href":"https:\/\/www.humboldt-ka.de\/index.php\/wp-json\/wp\/v2\/pages\/73"}],"wp:attachment":[{"href":"https:\/\/www.humboldt-ka.de\/index.php\/wp-json\/wp\/v2\/media?parent=156"}],"curies":[{"name":"wp","href":"https:\/\/api.w.org\/{rel}","templated":true}]}}