{"id":165,"date":"2025-05-04T14:20:39","date_gmt":"2025-05-04T12:20:39","guid":{"rendered":"https:\/\/www.humboldt-ka.de\/index.php\/?page_id=165"},"modified":"2026-04-15T13:03:26","modified_gmt":"2026-04-15T11:03:26","slug":"krankmeldung","status":"publish","type":"page","link":"https:\/\/www.humboldt-ka.de\/index.php\/aktuelles\/krankmeldung\/","title":{"rendered":"Krankmeldung"},"content":{"rendered":"\n<p>Liebe Eltern,<\/p>\n\n\n\n<figure class=\"wp-block-image alignright size-medium\"><img loading=\"lazy\" decoding=\"async\" width=\"300\" height=\"213\" src=\"https:\/\/www.humboldt-ka.de\/wp-content\/uploads\/2026\/01\/telephone-612061_1280-Mirror-1-300x213.jpg\" alt=\"Symbolbild: Menschliche Hand in Gro\u00dfaufnahme, darin ein magisch leuchtendes Licht und Icons f\u00fcr Telefon und E-Mail\" class=\"wp-image-939\" srcset=\"https:\/\/www.humboldt-ka.de\/wp-content\/uploads\/2026\/01\/telephone-612061_1280-Mirror-1-300x213.jpg 300w, https:\/\/www.humboldt-ka.de\/wp-content\/uploads\/2026\/01\/telephone-612061_1280-Mirror-1-1024x726.jpg 1024w, https:\/\/www.humboldt-ka.de\/wp-content\/uploads\/2026\/01\/telephone-612061_1280-Mirror-1-768x544.jpg 768w, https:\/\/www.humboldt-ka.de\/wp-content\/uploads\/2026\/01\/telephone-612061_1280-Mirror-1.jpg 1280w\" sizes=\"auto, (max-width: 300px) 100vw, 300px\" \/><\/figure>\n\n\n\n<p>wenn Ihr Kind am Schulbesuch verhindert ist (z.B. wegen Krankheit), <strong>muss dies der Schule unverz\u00fcglich mitgeteilt werden<\/strong>. Die Krankmeldung sollte <strong>am Krankheitstag bis sp\u00e4testens 7:45 Uhr<\/strong> erfolgen. Sie erreichen uns daf\u00fcr per Telefon (0721 133 4524) oder per E-Mail an <a href=\"mailto:poststelle@humboldt-gymnasium-ka.schule.bwl.de\">poststelle@humboldt-gymnasium-ka.schule.bwl.de<\/a>. Nutzen Sie bitte <strong>bevorzugt<\/strong> die <strong>Krankmeldung per E-Mail<\/strong>.<\/p>\n\n\n\n<p>Derzeit laufen in drei Pilotklassen erste Versuche, eine <strong>Krankmeldung per Vertretungsplan-App<\/strong> zu erm\u00f6glichen (<em><a href=\"http:\/\/humboldt-ka.webuntis.com\/\">WebUntis<\/a><\/em> im Browser bzw. <em>Untis Mobile<\/em> f\u00fcr Ihr <a href=\"https:\/\/apps.apple.com\/de\/app\/untis-mobile\/id926186904 Untis Mobile\">Apple-<\/a> oder <a href=\"https:\/\/play.google.com\/store\/apps\/details?id=com.grupet.web.app&amp;pcampaignid=web_share\">Android<\/a>-Smartphones) . Wegen des gro\u00dfen Erfolges haben wir uns entschieden, zum kommenden Schuljahr ein schulweites Angebot auszurollen. Eltern k\u00f6nnen sich ab August 2026 bei WebUntis registrieren und einen Eltern-Account anlegen. Ab dem Schuljahr 2026 \/ 2027 k\u00f6nnen Sie Erkrankungen Ihrer Kinder morgens bequem \u00fcber die Smartphone-App oder einen Internetbrowser eintragen und die Fehlzeit damit direkt entschuldigen. Sie haben au\u00dferdem Einblick in den Stunden- und Vertretungsplan Ihrer Kinder und sehen auch noch offene Fehlzeiten.<\/p>\n\n\n\n<p>Einen ersten Elternbrief mit n\u00e4heren Informationen und R\u00fccklaufzettel teilen die Klassenlehrerteams Mitte April aus.<\/p>\n\n\n\n<p>Zum neuen Schuljahr wird es hier dann weitere Informationen zur Vorgehensweise bei Entschuldigungen und eine FAQ-Liste geben.<\/p>\n\n\n\n\n\n<p><\/p>\n","protected":false},"excerpt":{"rendered":"<p>Liebe Eltern, wenn Ihr Kind am Schulbesuch verhindert ist (z.B. wegen Krankheit), muss dies der Schule unverz\u00fcglich mitgeteilt werden. Die Krankmeldung sollte am Krankheitstag bis sp\u00e4testens 7:45 Uhr erfolgen. Sie erreichen uns daf\u00fcr per Telefon (0721 133 4524) oder per E-Mail an poststelle@humboldt-gymnasium-ka.schule.bwl.de. Nutzen Sie bitte bevorzugt die Krankmeldung per E-Mail. Derzeit laufen in drei [&hellip;]<\/p>\n","protected":false},"author":1,"featured_media":0,"parent":159,"menu_order":0,"comment_status":"closed","ping_status":"closed","template":"","meta":{"footnotes":""},"class_list":["post-165","page","type-page","status-publish","hentry"],"_links":{"self":[{"href":"https:\/\/www.humboldt-ka.de\/index.php\/wp-json\/wp\/v2\/pages\/165","targetHints":{"allow":["GET"]}}],"collection":[{"href":"https:\/\/www.humboldt-ka.de\/index.php\/wp-json\/wp\/v2\/pages"}],"about":[{"href":"https:\/\/www.humboldt-ka.de\/index.php\/wp-json\/wp\/v2\/types\/page"}],"author":[{"embeddable":true,"href":"https:\/\/www.humboldt-ka.de\/index.php\/wp-json\/wp\/v2\/users\/1"}],"replies":[{"embeddable":true,"href":"https:\/\/www.humboldt-ka.de\/index.php\/wp-json\/wp\/v2\/comments?post=165"}],"version-history":[{"count":12,"href":"https:\/\/www.humboldt-ka.de\/index.php\/wp-json\/wp\/v2\/pages\/165\/revisions"}],"predecessor-version":[{"id":2042,"href":"https:\/\/www.humboldt-ka.de\/index.php\/wp-json\/wp\/v2\/pages\/165\/revisions\/2042"}],"up":[{"embeddable":true,"href":"https:\/\/www.humboldt-ka.de\/index.php\/wp-json\/wp\/v2\/pages\/159"}],"wp:attachment":[{"href":"https:\/\/www.humboldt-ka.de\/index.php\/wp-json\/wp\/v2\/media?parent=165"}],"curies":[{"name":"wp","href":"https:\/\/api.w.org\/{rel}","templated":true}]}}