{"id":1660,"date":"2026-03-02T09:11:11","date_gmt":"2026-03-02T08:11:11","guid":{"rendered":"https:\/\/www.humboldt-ka.de\/index.php\/?page_id=1660"},"modified":"2026-03-06T08:45:14","modified_gmt":"2026-03-06T07:45:14","slug":"pausenverkauf","status":"publish","type":"page","link":"https:\/\/www.humboldt-ka.de\/index.php\/aktiv\/pausenverkauf\/","title":{"rendered":"Pausenverkauf"},"content":{"rendered":"\n<p>Unser Pausenverkauf wird von der Firma H\u00e4ussler Fr\u00fchst\u00fccksservice &amp; Catering aus Karlsruhe <strong>t\u00e4glich frisch<\/strong> beliefert. Das Sortiment reicht von der klassischen Butterbretzel \u00fcber belegte Brote bis hin zu s\u00fc\u00dfen St\u00fcckchen. F\u00fcr jeden Hunger ist hier etwas dabei.<\/p>\n\n\n\n<p>Falls die eigene Brotdose mal zuhause vergessen wurde, ist der Pausenverkauf t\u00e4glich bereits <strong>ab 7 Uhr<\/strong> ge\u00f6ffnet. <\/p>\n\n\n\n<p><strong>Bis 11:45 Uhr<\/strong> kann bei <strong>Frau Kass\u00fchlke<\/strong> eingekauft werden. Das Pausenkiosk befindet sich direkt im Eingangsbereich der Schule, gegen\u00fcber der Aula.<\/p>\n\n\n\n<figure class=\"wp-block-gallery has-nested-images columns-default is-cropped wp-block-gallery-1 is-layout-flex wp-block-gallery-is-layout-flex\">\n<figure class=\"wp-block-image size-large\"><img loading=\"lazy\" decoding=\"async\" width=\"839\" height=\"1258\" data-id=\"1714\" src=\"https:\/\/www.humboldt-ka.de\/wp-content\/uploads\/2026\/03\/NEU-2-1-edited.jpg\" alt=\"\" class=\"wp-image-1714\" srcset=\"https:\/\/www.humboldt-ka.de\/wp-content\/uploads\/2026\/03\/NEU-2-1-edited.jpg 839w, https:\/\/www.humboldt-ka.de\/wp-content\/uploads\/2026\/03\/NEU-2-1-edited-200x300.jpg 200w, https:\/\/www.humboldt-ka.de\/wp-content\/uploads\/2026\/03\/NEU-2-1-edited-683x1024.jpg 683w, https:\/\/www.humboldt-ka.de\/wp-content\/uploads\/2026\/03\/NEU-2-1-edited-768x1152.jpg 768w\" sizes=\"auto, (max-width: 839px) 100vw, 839px\" \/><\/figure>\n\n\n\n<figure class=\"wp-block-image size-full\"><img loading=\"lazy\" decoding=\"async\" width=\"839\" height=\"1258\" data-id=\"1715\" src=\"https:\/\/www.humboldt-ka.de\/wp-content\/uploads\/2026\/03\/NEU1-1-edited.jpg\" alt=\"\" class=\"wp-image-1715\" srcset=\"https:\/\/www.humboldt-ka.de\/wp-content\/uploads\/2026\/03\/NEU1-1-edited.jpg 839w, https:\/\/www.humboldt-ka.de\/wp-content\/uploads\/2026\/03\/NEU1-1-edited-200x300.jpg 200w, https:\/\/www.humboldt-ka.de\/wp-content\/uploads\/2026\/03\/NEU1-1-edited-683x1024.jpg 683w, https:\/\/www.humboldt-ka.de\/wp-content\/uploads\/2026\/03\/NEU1-1-edited-768x1152.jpg 768w\" sizes=\"auto, (max-width: 839px) 100vw, 839px\" \/><\/figure>\n<\/figure>\n","protected":false},"excerpt":{"rendered":"<p>Unser Pausenverkauf wird von der Firma H\u00e4ussler Fr\u00fchst\u00fccksservice &amp; Catering aus Karlsruhe t\u00e4glich frisch beliefert. Das Sortiment reicht von der klassischen Butterbretzel \u00fcber belegte Brote bis hin zu s\u00fc\u00dfen St\u00fcckchen. F\u00fcr jeden Hunger ist hier etwas dabei. Falls die eigene Brotdose mal zuhause vergessen wurde, ist der Pausenverkauf t\u00e4glich bereits ab 7 Uhr ge\u00f6ffnet. Bis [&hellip;]<\/p>\n","protected":false},"author":16,"featured_media":0,"parent":217,"menu_order":0,"comment_status":"closed","ping_status":"closed","template":"","meta":{"footnotes":""},"class_list":["post-1660","page","type-page","status-publish","hentry"],"_links":{"self":[{"href":"https:\/\/www.humboldt-ka.de\/index.php\/wp-json\/wp\/v2\/pages\/1660","targetHints":{"allow":["GET"]}}],"collection":[{"href":"https:\/\/www.humboldt-ka.de\/index.php\/wp-json\/wp\/v2\/pages"}],"about":[{"href":"https:\/\/www.humboldt-ka.de\/index.php\/wp-json\/wp\/v2\/types\/page"}],"author":[{"embeddable":true,"href":"https:\/\/www.humboldt-ka.de\/index.php\/wp-json\/wp\/v2\/users\/16"}],"replies":[{"embeddable":true,"href":"https:\/\/www.humboldt-ka.de\/index.php\/wp-json\/wp\/v2\/comments?post=1660"}],"version-history":[{"count":4,"href":"https:\/\/www.humboldt-ka.de\/index.php\/wp-json\/wp\/v2\/pages\/1660\/revisions"}],"predecessor-version":[{"id":1786,"href":"https:\/\/www.humboldt-ka.de\/index.php\/wp-json\/wp\/v2\/pages\/1660\/revisions\/1786"}],"up":[{"embeddable":true,"href":"https:\/\/www.humboldt-ka.de\/index.php\/wp-json\/wp\/v2\/pages\/217"}],"wp:attachment":[{"href":"https:\/\/www.humboldt-ka.de\/index.php\/wp-json\/wp\/v2\/media?parent=1660"}],"curies":[{"name":"wp","href":"https:\/\/api.w.org\/{rel}","templated":true}]}}