{"id":170,"date":"2025-05-04T14:26:20","date_gmt":"2025-05-04T12:26:20","guid":{"rendered":"https:\/\/www.humboldt-ka.de\/index.php\/?page_id=170"},"modified":"2026-04-29T21:14:20","modified_gmt":"2026-04-29T19:14:20","slug":"anleitungen","status":"publish","type":"page","link":"https:\/\/www.humboldt-ka.de\/index.php\/hgk-digital\/anleitungen\/","title":{"rendered":"Anleitungen"},"content":{"rendered":"<ul class=\"wp-block-latest-posts__list has-dates wp-block-latest-posts\"><li><a class=\"wp-block-latest-posts__post-title\" href=\"https:\/\/www.humboldt-ka.de\/index.php\/matrix-zugang-ueber-einen-client\/\">Matrix &#8211; Zugang \u00fcber einen Client<\/a><time datetime=\"2026-04-29T21:46:30+02:00\" class=\"wp-block-latest-posts__post-date\">29 April, 2026<\/time><div class=\"wp-block-latest-posts__post-excerpt\">Seit ca. Ostern 2020 hat das Humboldt-Gymnasium einen eigenen Chat-Server, der als direkter Kommunikationskanal zwischen Lehrern und Sch\u00fcler verwendet wird, wenn euch euer Lehrer dorthin einl\u00e4dt und einen Raum f\u00fcr eure Klasse bzw. euer Schulfach erstellt hat. Meldet euch einfach an und schaut, ob Ihr eine Einladung erhalten habt. Zugang und Nutzung: Webbrowser Grunds\u00e4tzlich kann\u2026\u00a0<a class=\"wp-block-latest-posts__read-more\" href=\"https:\/\/www.humboldt-ka.de\/index.php\/matrix-zugang-ueber-einen-client\/\" rel=\"noopener noreferrer\"><span class=\"screen-reader-text\">Matrix &#8211; Zugang \u00fcber einen Client <\/span>weiterlesen<\/a><\/div><\/li>\n<li><a class=\"wp-block-latest-posts__post-title\" href=\"https:\/\/www.humboldt-ka.de\/index.php\/moodle-erstmalige-anmeldung\/\">Moodle &#8211; erstmalige Anmeldung<\/a><time datetime=\"2025-05-04T16:51:32+02:00\" class=\"wp-block-latest-posts__post-date\">4 Mai, 2025<\/time><div class=\"wp-block-latest-posts__post-excerpt\">Die Lernplattform Moodle ist am Humboldt-Gymnasium Karlsruhe \u00fcber den Link&nbsp;https:\/\/moodle.humboldt-ka.de&nbsp;direkt oder \u00fcber die Verlinkung hier auf der Homepage, oder aus der Cloud heraus erreichbar.&nbsp;Die erstmalige Anmeldung erfordert die Best\u00e4tigung der Datenschutzrichtlinien. Eine Anleitung in Bildern finden Sie hier:<\/div><\/li>\n<li><a class=\"wp-block-latest-posts__post-title\" href=\"https:\/\/www.humboldt-ka.de\/index.php\/cloudzugang-und-passwortaenderung\/\">Cloudzugang und Passwort\u00e4nderung<\/a><time datetime=\"2025-05-04T16:47:47+02:00\" class=\"wp-block-latest-posts__post-date\">4 Mai, 2025<\/time><div class=\"wp-block-latest-posts__post-excerpt\">Zugang zu Schulmaterial \u00fcber die HGK-Cloud [Video] Liebe Sch\u00fclerinnen und Sch\u00fcler, wenn eure Lehrer euch Material in der &#8222;Cloud&#8220; zur Verf\u00fcgung stellen, dann sollt ihr euch von einem PC oder einem Smartphone oder Tablet aus dort anmelden. Manches mal wisst ihr aber auch euer Passwort nicht mehr und habt von eurem Klassenlehrer oder durch eine\u2026\u00a0<a class=\"wp-block-latest-posts__read-more\" href=\"https:\/\/www.humboldt-ka.de\/index.php\/cloudzugang-und-passwortaenderung\/\" rel=\"noopener noreferrer\"><span class=\"screen-reader-text\">Cloudzugang und Passwort\u00e4nderung <\/span>weiterlesen<\/a><\/div><\/li>\n<li><a class=\"wp-block-latest-posts__post-title\" href=\"https:\/\/www.humboldt-ka.de\/index.php\/cloud-anzeigeprobleme-beheben\/\">Cloud &#8211; Anzeigeprobleme beheben<\/a><time datetime=\"2025-05-04T16:46:40+02:00\" class=\"wp-block-latest-posts__post-date\">4 Mai, 2025<\/time><div class=\"wp-block-latest-posts__post-excerpt\">Problem: Manche Ordner sind in der Cloud nicht sichtbar Caching-Problem M\u00f6glicherweise (z.B. wenn eine komplett leere Seite angezeigt wird) hat man mit dem aktuellen Browser ein Caching-Problem, dass sich beheben l\u00e4sst. Diese kann man der Reihe nach ausprobieren: Fehlende Freigaben akzeptieren Manche Cloudkonten akzeptieren nicht automatisch mit ihnen geteilte Ordner und Dateien, oder man hat\u2026\u00a0<a class=\"wp-block-latest-posts__read-more\" href=\"https:\/\/www.humboldt-ka.de\/index.php\/cloud-anzeigeprobleme-beheben\/\" rel=\"noopener noreferrer\"><span class=\"screen-reader-text\">Cloud &#8211; Anzeigeprobleme beheben <\/span>weiterlesen<\/a><\/div><\/li>\n<li><a class=\"wp-block-latest-posts__post-title\" href=\"https:\/\/www.humboldt-ka.de\/index.php\/matrix-verschluesselung\/\">Matrix &#8211; Verschl\u00fcsselung<\/a><time datetime=\"2025-05-04T16:40:59+02:00\" class=\"wp-block-latest-posts__post-date\">4 Mai, 2025<\/time><div class=\"wp-block-latest-posts__post-excerpt\">Chat-Server Matrix: Wie funktioniert die Verschl\u00fcsselung Seit ca. Mai 2020 bietet die neueste App Element f\u00fcr iOS und Android sowie auch die Anmeldung \u00fcber\u00a0https:\/\/webchat.humboldt-ka.de\u00a0Verschl\u00fcsselung an. Momentan wird empfohlen, auf den Beginn der Schl\u00fcsselsicherung zu verzichten und keine verschl\u00fcsselten R\u00e4ume zu \u00f6ffnen.<\/div><\/li>\n<li><a class=\"wp-block-latest-posts__post-title\" href=\"https:\/\/www.humboldt-ka.de\/index.php\/webkonferenzen-mit-bigbluebutton\/\">Webkonferenzen mit BigBlueButton<\/a><time datetime=\"2025-05-04T16:40:02+02:00\" class=\"wp-block-latest-posts__post-date\">4 Mai, 2025<\/time><div class=\"wp-block-latest-posts__post-excerpt\">Unterricht und Sprechstunden \u00fcber Webkonferenzen am HGK Unterricht, Sprechstunden oder Klassenlehrerstunden k\u00f6nnen zum Teil auch online stattfinden. Wenn dich dein*e Lehrer*in zu einer Webkonferenz einl\u00e4dt, dann solltest du vorher folgendes Dokument gelesen haben: Dazu bietet sich an, das Video-Tutorial anzuschauen, dass die Voraussetzungen, den Anmeldevorgang und die Grundregeln einmal zeigt. Achtung! Im Video fehlt beim\u2026\u00a0<a class=\"wp-block-latest-posts__read-more\" href=\"https:\/\/www.humboldt-ka.de\/index.php\/webkonferenzen-mit-bigbluebutton\/\" rel=\"noopener noreferrer\"><span class=\"screen-reader-text\">Webkonferenzen mit BigBlueButton <\/span>weiterlesen<\/a><\/div><\/li>\n<\/ul>","protected":false},"excerpt":{"rendered":"","protected":false},"author":11,"featured_media":0,"parent":168,"menu_order":0,"comment_status":"closed","ping_status":"closed","template":"","meta":{"footnotes":""},"class_list":["post-170","page","type-page","status-publish","hentry"],"_links":{"self":[{"href":"https:\/\/www.humboldt-ka.de\/index.php\/wp-json\/wp\/v2\/pages\/170","targetHints":{"allow":["GET"]}}],"collection":[{"href":"https:\/\/www.humboldt-ka.de\/index.php\/wp-json\/wp\/v2\/pages"}],"about":[{"href":"https:\/\/www.humboldt-ka.de\/index.php\/wp-json\/wp\/v2\/types\/page"}],"author":[{"embeddable":true,"href":"https:\/\/www.humboldt-ka.de\/index.php\/wp-json\/wp\/v2\/users\/11"}],"replies":[{"embeddable":true,"href":"https:\/\/www.humboldt-ka.de\/index.php\/wp-json\/wp\/v2\/comments?post=170"}],"version-history":[{"count":2,"href":"https:\/\/www.humboldt-ka.de\/index.php\/wp-json\/wp\/v2\/pages\/170\/revisions"}],"predecessor-version":[{"id":2084,"href":"https:\/\/www.humboldt-ka.de\/index.php\/wp-json\/wp\/v2\/pages\/170\/revisions\/2084"}],"up":[{"embeddable":true,"href":"https:\/\/www.humboldt-ka.de\/index.php\/wp-json\/wp\/v2\/pages\/168"}],"wp:attachment":[{"href":"https:\/\/www.humboldt-ka.de\/index.php\/wp-json\/wp\/v2\/media?parent=170"}],"curies":[{"name":"wp","href":"https:\/\/api.w.org\/{rel}","templated":true}]}}