{"id":172,"date":"2025-05-04T14:27:07","date_gmt":"2025-05-04T12:27:07","guid":{"rendered":"https:\/\/www.humboldt-ka.de\/index.php\/?page_id=172"},"modified":"2026-01-31T10:10:29","modified_gmt":"2026-01-31T09:10:29","slug":"gfs-regelung","status":"publish","type":"page","link":"https:\/\/www.humboldt-ka.de\/index.php\/hgk-digital\/gfs-regelung\/","title":{"rendered":"GFS-Regelung"},"content":{"rendered":"\n<figure class=\"wp-block-image alignright size-thumbnail\"><img loading=\"lazy\" decoding=\"async\" width=\"150\" height=\"150\" src=\"https:\/\/www.humboldt-ka.de\/wp-content\/uploads\/2026\/01\/teacher-2799822_1280-150x150.jpg\" alt=\"Symbolbild: comichafte Zeichnung einer Sch\u00fclerin, die vor einer gr\u00fcnen Kreidetafel steht und scheinbar einen Vortrag h\u00e4lt.\" class=\"wp-image-804\" srcset=\"https:\/\/www.humboldt-ka.de\/wp-content\/uploads\/2026\/01\/teacher-2799822_1280-150x150.jpg 150w, https:\/\/www.humboldt-ka.de\/wp-content\/uploads\/2026\/01\/teacher-2799822_1280-300x300.jpg 300w, https:\/\/www.humboldt-ka.de\/wp-content\/uploads\/2026\/01\/teacher-2799822_1280-1024x1024.jpg 1024w, https:\/\/www.humboldt-ka.de\/wp-content\/uploads\/2026\/01\/teacher-2799822_1280-768x768.jpg 768w, https:\/\/www.humboldt-ka.de\/wp-content\/uploads\/2026\/01\/teacher-2799822_1280.jpg 1280w\" sizes=\"auto, (max-width: 150px) 100vw, 150px\" \/><\/figure>\n\n\n\n<p>Ab Klasse 7 halten alle Sch\u00fclerinnen und Sch\u00fcler des Gymnasiums eine GFS (&#8222;gleichwertige Feststellung von Sch\u00fclerleistungen&#8220;) pro Schuljahr in einem Fach ihrer Wahl.<\/p>\n\n\n\n<p>Am HGK haben wir uns auf <strong>zentrale Richtlinien f\u00fcr die Vergabe, Vorbereitung, Pr\u00e4sentation und Bewertung von GFS<\/strong> geeinigt und in einem f\u00fcr alle Sch\u00fclerinnen und Sch\u00fcler zug\u00e4nglichen Dokument festgehalten. Es ist auf unserer HGK-Cloud zu finden unter <em>Anleitungen f\u00fcr alle &gt; GFS-Regelung HGK V2<\/em>.pdf bzw. direkt unter <a href=\"https:\/\/cloud.humboldt-ka.de\/f\/4530128\">https:\/\/cloud.humboldt-ka.de\/f\/4530128<\/a>. Daf\u00fcr ist eine Anmeldung auf unserer HGK-Cloud notwendig.<\/p>\n\n\n\n<p>Auf dieser Grundlage legen die Lehrkr\u00e4fte oftmals <strong>erg\u00e4nzende Richtlinien<\/strong> fest (z.B. fachspezifisch, themenspezifisch), an die sich die Referentin bzw. der Referent zus\u00e4tzlich halten muss. Sie werden im Vorfeld von der betreuenden Lehrkraft transparent gemacht. <\/p>\n\n\n\n<p class=\"is-style-default\"><\/p>\n","protected":false},"excerpt":{"rendered":"<p>Ab Klasse 7 halten alle Sch\u00fclerinnen und Sch\u00fcler des Gymnasiums eine GFS (&#8222;gleichwertige Feststellung von Sch\u00fclerleistungen&#8220;) pro Schuljahr in einem Fach ihrer Wahl. Am HGK haben wir uns auf zentrale Richtlinien f\u00fcr die Vergabe, Vorbereitung, Pr\u00e4sentation und Bewertung von GFS geeinigt und in einem f\u00fcr alle Sch\u00fclerinnen und Sch\u00fcler zug\u00e4nglichen Dokument festgehalten. Es ist auf [&hellip;]<\/p>\n","protected":false},"author":1,"featured_media":0,"parent":168,"menu_order":0,"comment_status":"closed","ping_status":"closed","template":"","meta":{"footnotes":""},"class_list":["post-172","page","type-page","status-publish","hentry"],"_links":{"self":[{"href":"https:\/\/www.humboldt-ka.de\/index.php\/wp-json\/wp\/v2\/pages\/172","targetHints":{"allow":["GET"]}}],"collection":[{"href":"https:\/\/www.humboldt-ka.de\/index.php\/wp-json\/wp\/v2\/pages"}],"about":[{"href":"https:\/\/www.humboldt-ka.de\/index.php\/wp-json\/wp\/v2\/types\/page"}],"author":[{"embeddable":true,"href":"https:\/\/www.humboldt-ka.de\/index.php\/wp-json\/wp\/v2\/users\/1"}],"replies":[{"embeddable":true,"href":"https:\/\/www.humboldt-ka.de\/index.php\/wp-json\/wp\/v2\/comments?post=172"}],"version-history":[{"count":6,"href":"https:\/\/www.humboldt-ka.de\/index.php\/wp-json\/wp\/v2\/pages\/172\/revisions"}],"predecessor-version":[{"id":983,"href":"https:\/\/www.humboldt-ka.de\/index.php\/wp-json\/wp\/v2\/pages\/172\/revisions\/983"}],"up":[{"embeddable":true,"href":"https:\/\/www.humboldt-ka.de\/index.php\/wp-json\/wp\/v2\/pages\/168"}],"wp:attachment":[{"href":"https:\/\/www.humboldt-ka.de\/index.php\/wp-json\/wp\/v2\/media?parent=172"}],"curies":[{"name":"wp","href":"https:\/\/api.w.org\/{rel}","templated":true}]}}