{"id":1764,"date":"2026-03-04T10:42:39","date_gmt":"2026-03-04T09:42:39","guid":{"rendered":"https:\/\/www.humboldt-ka.de\/index.php\/?page_id=1764"},"modified":"2026-03-04T11:25:29","modified_gmt":"2026-03-04T10:25:29","slug":"schliessfaecher-zum-mieten","status":"publish","type":"page","link":"https:\/\/www.humboldt-ka.de\/index.php\/aktuelles\/schliessfaecher-zum-mieten\/","title":{"rendered":"Schlie\u00dff\u00e4cher zum Mieten"},"content":{"rendered":"\n<p>Liebe Sch\u00fclerinnen und Sch\u00fcler, liebe Eltern,<\/p>\n\n\n\n<p>am HGK k\u00f6nnt Ihr Schlie\u00dff\u00e4cher mieten, die die Firma Mietra bei uns anbietet. Dort k\u00f6nnt Ihr zum Beispiel Eure Schulb\u00fccher oder andere Utensilien sicher einschlie\u00dfen. Hier findet Ihr alle Informationen zur Schlie\u00dffachmiete.<\/p>\n\n\n\n<figure class=\"wp-block-image size-medium\"><img loading=\"lazy\" decoding=\"async\" width=\"300\" height=\"69\" src=\"https:\/\/www.humboldt-ka.de\/wp-content\/uploads\/2026\/03\/image001-300x69.jpeg\" alt=\"\" class=\"wp-image-1765\" srcset=\"https:\/\/www.humboldt-ka.de\/wp-content\/uploads\/2026\/03\/image001-300x69.jpeg 300w, https:\/\/www.humboldt-ka.de\/wp-content\/uploads\/2026\/03\/image001-1024x237.jpeg 1024w, https:\/\/www.humboldt-ka.de\/wp-content\/uploads\/2026\/03\/image001-768x178.jpeg 768w, https:\/\/www.humboldt-ka.de\/wp-content\/uploads\/2026\/03\/image001.jpeg 1067w\" sizes=\"auto, (max-width: 300px) 100vw, 300px\" \/><\/figure>\n\n\n\n<h2 class=\"wp-block-heading\">Informationsvideo<\/h2>\n\n\n\n<p>Mietra bietet ein <a href=\"https:\/\/www.schliessfaecher.de\/ihr-weg-zum-mietra-schliessfach\">Video zur Schlie\u00dffachmiete<\/a> an.<\/p>\n\n\n\n<h2 class=\"wp-block-heading\">Online-Anmeldung<\/h2>\n\n\n\n<p>\u00dcber den folgenden Link gelangen Eltern direkt zur Schlie\u00dffachanmeldung auf der Mietra-Website. Schulname und -ort sind bereits hinterlegt, die Anmeldung ist somit schnell und unkompliziert m\u00f6glich: <a href=\"https:\/\/serviceportal.schliessfaecher.de\/schliessfach-mieten?School=901485\">https:\/\/serviceportal.schliessfaecher.de\/schliessfach-mieten?School=901485<\/a><\/p>\n\n\n\n\n\n\n\n<p><\/p>\n","protected":false},"excerpt":{"rendered":"<p>Liebe Sch\u00fclerinnen und Sch\u00fcler, liebe Eltern, am HGK k\u00f6nnt Ihr Schlie\u00dff\u00e4cher mieten, die die Firma Mietra bei uns anbietet. Dort k\u00f6nnt Ihr zum Beispiel Eure Schulb\u00fccher oder andere Utensilien sicher einschlie\u00dfen. Hier findet Ihr alle Informationen zur Schlie\u00dffachmiete. Informationsvideo Mietra bietet ein Video zur Schlie\u00dffachmiete an. Online-Anmeldung \u00dcber den folgenden Link gelangen Eltern direkt zur [&hellip;]<\/p>\n","protected":false},"author":7,"featured_media":0,"parent":159,"menu_order":0,"comment_status":"closed","ping_status":"closed","template":"","meta":{"footnotes":""},"class_list":["post-1764","page","type-page","status-publish","hentry"],"_links":{"self":[{"href":"https:\/\/www.humboldt-ka.de\/index.php\/wp-json\/wp\/v2\/pages\/1764","targetHints":{"allow":["GET"]}}],"collection":[{"href":"https:\/\/www.humboldt-ka.de\/index.php\/wp-json\/wp\/v2\/pages"}],"about":[{"href":"https:\/\/www.humboldt-ka.de\/index.php\/wp-json\/wp\/v2\/types\/page"}],"author":[{"embeddable":true,"href":"https:\/\/www.humboldt-ka.de\/index.php\/wp-json\/wp\/v2\/users\/7"}],"replies":[{"embeddable":true,"href":"https:\/\/www.humboldt-ka.de\/index.php\/wp-json\/wp\/v2\/comments?post=1764"}],"version-history":[{"count":3,"href":"https:\/\/www.humboldt-ka.de\/index.php\/wp-json\/wp\/v2\/pages\/1764\/revisions"}],"predecessor-version":[{"id":1773,"href":"https:\/\/www.humboldt-ka.de\/index.php\/wp-json\/wp\/v2\/pages\/1764\/revisions\/1773"}],"up":[{"embeddable":true,"href":"https:\/\/www.humboldt-ka.de\/index.php\/wp-json\/wp\/v2\/pages\/159"}],"wp:attachment":[{"href":"https:\/\/www.humboldt-ka.de\/index.php\/wp-json\/wp\/v2\/media?parent=1764"}],"curies":[{"name":"wp","href":"https:\/\/api.w.org\/{rel}","templated":true}]}}