{"id":1806,"date":"2026-03-06T17:46:41","date_gmt":"2026-03-06T16:46:41","guid":{"rendered":"https:\/\/www.humboldt-ka.de\/index.php\/?page_id=1806"},"modified":"2026-03-17T10:21:16","modified_gmt":"2026-03-17T09:21:16","slug":"kulturelle-bildung","status":"publish","type":"page","link":"https:\/\/www.humboldt-ka.de\/index.php\/unsere-schule\/profil\/kulturelle-bildung\/","title":{"rendered":"Kulturelle Bildung"},"content":{"rendered":"\n<p>Kulturelle Bildung bietet eine M\u00f6glichkeit zur Auseinandersetzung mit sich und der Welt durch k\u00fcnstlerische Ausdrucksformen, sie f\u00f6rdert die Pers\u00f6nlichkeitsbildung und st\u00e4rkt das gemeinsame Aufwachsen und Lernen von Kindern und Jugendlichen mit unterschiedlichem famili\u00e4ren, kulturellen und sozialen Hintergrund. Sie ist Voraussetzung f\u00fcr die Teilhabe an kulturellen Angeboten und legt wesentliche Grundsteine demokratischen Handelns, indem sie Kompetenzen im Umgang mit Mehrdeutigkeit(en), Vielfalt, Misserfolgen und Kontroversen st\u00e4rkt und Heranwachsende dabei unterst\u00fctzt, einer ungewissen Zukunft kreativ zu begegnen.<\/p>\n\n\n\n<p class=\"has-text-align-right\"><em>(Auszug aus der Empfehlung der Kultusministerkonferenz zur Kulturellen Bildung: <\/em><a href=\"https:\/\/short-url.org\/1qGkw\">https:\/\/short-url.org\/1qGkw<\/a><em>)<\/em><\/p>\n\n\n\n<p class=\"has-xx-large-font-size\"><\/p>\n\n\n\n<p><\/p>\n\n\n\n<h2 class=\"wp-block-heading\"><strong>Kulturelle Bildung am HGK<\/strong><\/h2>\n\n\n\n<figure class=\"wp-block-image aligncenter size-large\"><img loading=\"lazy\" decoding=\"async\" width=\"1024\" height=\"852\" src=\"https:\/\/www.humboldt-ka.de\/wp-content\/uploads\/2026\/03\/Kulturelle-Bildung-HGK_12-MB-1024x852.jpg\" alt=\"\" class=\"wp-image-1859\" srcset=\"https:\/\/www.humboldt-ka.de\/wp-content\/uploads\/2026\/03\/Kulturelle-Bildung-HGK_12-MB-1024x852.jpg 1024w, https:\/\/www.humboldt-ka.de\/wp-content\/uploads\/2026\/03\/Kulturelle-Bildung-HGK_12-MB-300x250.jpg 300w, https:\/\/www.humboldt-ka.de\/wp-content\/uploads\/2026\/03\/Kulturelle-Bildung-HGK_12-MB-768x639.jpg 768w, https:\/\/www.humboldt-ka.de\/wp-content\/uploads\/2026\/03\/Kulturelle-Bildung-HGK_12-MB-1536x1278.jpg 1536w, https:\/\/www.humboldt-ka.de\/wp-content\/uploads\/2026\/03\/Kulturelle-Bildung-HGK_12-MB.jpg 1962w\" sizes=\"auto, (max-width: 1024px) 100vw, 1024px\" \/><\/figure>\n\n\n\n<p>In den Sitzungen der Arbeitsgemeinschaft <em>Kulturelle Bildung am HGK<\/em> entstand 2025 ein gemeinsamer Kulturfahrplan, in dem die Kulturelle Bildung an unsrer Schule insgesamt als f\u00e4cher\u00fcbergreifender Bildungsbereich verstanden wird, der k\u00fcnstlerische, \u00e4sthetische und kulturelle Ausdrucks-, Vermittlungs- und Umgangsformen auch jenseits der k\u00fcnstlerischen F\u00e4cher integriert.<\/p>\n\n\n\n<p>Lesen Sie <a href=\"https:\/\/online.fliphtml5.com\/ujrdxe\/ihrj\/#google_vignette\" data-type=\"link\" data-id=\"https:\/\/online.fliphtml5.com\/ujrdxe\/ihrj\/#google_vignette\">hier<\/a> unseren vollst\u00e4ndigen <a href=\"https:\/\/www.humboldt-ka.de\/wp-content\/uploads\/2026\/03\/HGK-Kulturelle-Bildung.pdf\" data-type=\"attachment\" data-id=\"1810\" target=\"_blank\" rel=\"noreferrer noopener\">Kulturfahrplan<\/a>.<\/p>\n\n\n\n<p class=\"has-xx-large-font-size\"><\/p>\n\n\n\n<p><\/p>\n\n\n\n<h2 class=\"wp-block-heading\"><strong>Landesprogramm <em>Kulturschule Baden-W\u00fcrttemberg<\/em><\/strong><\/h2>\n\n\n\n<p>Mit dem Landesprogramm <em>Kulturschule Baden-W\u00fcrttemberg<\/em> wird die Ausbildung kultureller Interessen junger Menschen mit dem Ziel gef\u00f6rdert, kulturelle Bildung an Schulen im regul\u00e4ren Unterrichtsangebot zu st\u00e4rken und durch gemeinsamen Austausch die Entwicklung von kulturell-\u00e4sthetischem Unterricht zu unterst\u00fctzen. Im Schuljahr 2025\/26 wurde das Humboldt-Gymnasium mit einem Projekt zur deutsch-deutschen Geschichte in die F\u00f6rderlinie <em>Lernen mit den K\u00fc<\/em><em>nsten<\/em> aufgenommen und geh\u00f6rt zu den im Rahmen des Projekts Kulturschule gef\u00f6rderten Schulen des Landes.<\/p>\n\n\n\n<p class=\"has-text-align-right\">(Landesprogramm <em>Kulturschule Baden-W\u00fcrttemberg: <\/em><a href=\"https:\/\/t1p.de\/3occ5\">https:\/\/t1p.de\/3occ5<\/a><em>)<\/em><\/p>\n\n\n\n<p><\/p>\n","protected":false},"excerpt":{"rendered":"<p>Kulturelle Bildung bietet eine M\u00f6glichkeit zur Auseinandersetzung mit sich und der Welt durch k\u00fcnstlerische Ausdrucksformen, sie f\u00f6rdert die Pers\u00f6nlichkeitsbildung und st\u00e4rkt das gemeinsame Aufwachsen und Lernen von Kindern und Jugendlichen mit unterschiedlichem famili\u00e4ren, kulturellen und sozialen Hintergrund. Sie ist Voraussetzung f\u00fcr die Teilhabe an kulturellen Angeboten und legt wesentliche Grundsteine demokratischen Handelns, indem sie Kompetenzen [&hellip;]<\/p>\n","protected":false},"author":7,"featured_media":0,"parent":104,"menu_order":0,"comment_status":"closed","ping_status":"closed","template":"","meta":{"footnotes":""},"class_list":["post-1806","page","type-page","status-publish","hentry"],"_links":{"self":[{"href":"https:\/\/www.humboldt-ka.de\/index.php\/wp-json\/wp\/v2\/pages\/1806","targetHints":{"allow":["GET"]}}],"collection":[{"href":"https:\/\/www.humboldt-ka.de\/index.php\/wp-json\/wp\/v2\/pages"}],"about":[{"href":"https:\/\/www.humboldt-ka.de\/index.php\/wp-json\/wp\/v2\/types\/page"}],"author":[{"embeddable":true,"href":"https:\/\/www.humboldt-ka.de\/index.php\/wp-json\/wp\/v2\/users\/7"}],"replies":[{"embeddable":true,"href":"https:\/\/www.humboldt-ka.de\/index.php\/wp-json\/wp\/v2\/comments?post=1806"}],"version-history":[{"count":10,"href":"https:\/\/www.humboldt-ka.de\/index.php\/wp-json\/wp\/v2\/pages\/1806\/revisions"}],"predecessor-version":[{"id":1909,"href":"https:\/\/www.humboldt-ka.de\/index.php\/wp-json\/wp\/v2\/pages\/1806\/revisions\/1909"}],"up":[{"embeddable":true,"href":"https:\/\/www.humboldt-ka.de\/index.php\/wp-json\/wp\/v2\/pages\/104"}],"wp:attachment":[{"href":"https:\/\/www.humboldt-ka.de\/index.php\/wp-json\/wp\/v2\/media?parent=1806"}],"curies":[{"name":"wp","href":"https:\/\/api.w.org\/{rel}","templated":true}]}}