{"id":188,"date":"2025-05-04T14:35:27","date_gmt":"2025-05-04T12:35:27","guid":{"rendered":"https:\/\/www.humboldt-ka.de\/index.php\/?page_id=188"},"modified":"2026-02-13T19:00:11","modified_gmt":"2026-02-13T18:00:11","slug":"smv","status":"publish","type":"page","link":"https:\/\/www.humboldt-ka.de\/index.php\/schulgemeinschaft\/smv\/","title":{"rendered":"SMV"},"content":{"rendered":"\n<figure class=\"wp-block-image size-large\"><img decoding=\"async\" src=\"https:\/\/www.humboldt-ka.de\/wp-content\/uploads\/2026\/01\/ima_5e3c076-1024x768.jpeg\" alt=\"Foto der derzeitigen Sch\u00fclersprecher*innen des HGK vor einer Betonwand mit Graffiti\" class=\"wp-image-624\"\/><\/figure>\n\n\n\n<p>Aufgabe der Sch\u00fclermitverantwortung, kurz SMV, ist es, die Sch\u00fclerschaft des Humboldt-Gymnasiums gegen\u00fcber der Schulleitung, dem Lehrk\u00f6rper, dem Kultusministerium und auch SMVen anderer Schulen zu vertreten und selbstst\u00e4ndig Veranstaltungen und Events zu organisieren, um den Schulalltag f\u00fcr alle Sch\u00fcler zu verbessern. Beispiele f\u00fcr diese sind die Siebenneuntel Party, der Wintersporttag und die Nikolaus Aktion. Sowohl die Leitung dieser Projekte als auch die Organisation der SMV selbst geschieht allein durch engagierte Sch\u00fcler. <\/p>\n\n\n\n<p>Die SMV wird aktuell von Frau Warshagha-Elgebaly und Frau M\u00f6hler betreut.<\/p>\n\n\n\n<h3 class=\"wp-block-heading\">Das Team der Sch\u00fclersprecher (v. li. n. re.)<\/h3>\n\n\n\n<p>Florine Finkbeiner (K1)<\/p>\n\n\n\n<p>Jella K\u00f6nig-Kurowski (11d)<\/p>\n\n\n\n<p>Adel Zadran (11d)<\/p>\n\n\n\n<p><\/p>\n","protected":false},"excerpt":{"rendered":"<p>Aufgabe der Sch\u00fclermitverantwortung, kurz SMV, ist es, die Sch\u00fclerschaft des Humboldt-Gymnasiums gegen\u00fcber der Schulleitung, dem Lehrk\u00f6rper, dem Kultusministerium und auch SMVen anderer Schulen zu vertreten und selbstst\u00e4ndig Veranstaltungen und Events zu organisieren, um den Schulalltag f\u00fcr alle Sch\u00fcler zu verbessern. Beispiele f\u00fcr diese sind die Siebenneuntel Party, der Wintersporttag und die Nikolaus Aktion. Sowohl die [&hellip;]<\/p>\n","protected":false},"author":1,"featured_media":0,"parent":174,"menu_order":0,"comment_status":"closed","ping_status":"closed","template":"","meta":{"footnotes":""},"class_list":["post-188","page","type-page","status-publish","hentry"],"_links":{"self":[{"href":"https:\/\/www.humboldt-ka.de\/index.php\/wp-json\/wp\/v2\/pages\/188","targetHints":{"allow":["GET"]}}],"collection":[{"href":"https:\/\/www.humboldt-ka.de\/index.php\/wp-json\/wp\/v2\/pages"}],"about":[{"href":"https:\/\/www.humboldt-ka.de\/index.php\/wp-json\/wp\/v2\/types\/page"}],"author":[{"embeddable":true,"href":"https:\/\/www.humboldt-ka.de\/index.php\/wp-json\/wp\/v2\/users\/1"}],"replies":[{"embeddable":true,"href":"https:\/\/www.humboldt-ka.de\/index.php\/wp-json\/wp\/v2\/comments?post=188"}],"version-history":[{"count":7,"href":"https:\/\/www.humboldt-ka.de\/index.php\/wp-json\/wp\/v2\/pages\/188\/revisions"}],"predecessor-version":[{"id":1526,"href":"https:\/\/www.humboldt-ka.de\/index.php\/wp-json\/wp\/v2\/pages\/188\/revisions\/1526"}],"up":[{"embeddable":true,"href":"https:\/\/www.humboldt-ka.de\/index.php\/wp-json\/wp\/v2\/pages\/174"}],"wp:attachment":[{"href":"https:\/\/www.humboldt-ka.de\/index.php\/wp-json\/wp\/v2\/media?parent=188"}],"curies":[{"name":"wp","href":"https:\/\/api.w.org\/{rel}","templated":true}]}}