{"id":194,"date":"2025-05-04T14:42:13","date_gmt":"2025-05-04T12:42:13","guid":{"rendered":"https:\/\/www.humboldt-ka.de\/index.php\/?page_id=194"},"modified":"2026-02-02T23:45:34","modified_gmt":"2026-02-02T22:45:34","slug":"der-elternbeirat-des-hgk","status":"publish","type":"page","link":"https:\/\/www.humboldt-ka.de\/index.php\/schulgemeinschaft\/der-elternbeirat-des-hgk\/","title":{"rendered":"Der Elternbeirat des HGK"},"content":{"rendered":"\n<p>Den Elternbeir\u00e4ten unserer Schule geb\u00fchrt Dank, dass Sie sich bereit gefunden haben, dieses wichtige Amt auszu\u00fcben. Sie seien ganz besonders gegr\u00fc\u00dft. Diese Informationen sollen Ihnen dabei helfen, sich in Ihre Aufgaben und Pflichten einzufinden und Ihre Rechte kennenzulernen. Elternbeir\u00e4te sollen sich als Partner der Schule und Teil der Schulgemeinschaft empfinden und zusammen mit allen Beteiligten zu einem guten Schulklima beitragen.<\/p>\n\n\n\n<div style=\"height:20px\" aria-hidden=\"true\" class=\"wp-block-spacer\"><\/div>\n\n\n\n<h2 class=\"wp-block-heading\">Elternbeirats-Team<\/h2>\n\n\n\n<div class=\"wp-block-columns is-layout-flex wp-container-core-columns-is-layout-28f84493 wp-block-columns-is-layout-flex\">\n<div class=\"wp-block-column is-layout-flow wp-block-column-is-layout-flow\">\n<div class=\"wp-block-group is-vertical is-layout-flex wp-container-core-group-is-layout-fe9cc265 wp-block-group-is-layout-flex\">\n<h3 class=\"wp-block-heading\">1. Vorsitzender, Schulkonferenzmitglied<\/h3>\n\n\n\n<p>Markus Ksienzyk<\/p>\n\n\n\n<p>07247 \/ 9547622<\/p>\n\n\n\n<p><a href=\"mailto:arnokastner@t-online.de\"><a href=\"mailto:markus.ksienzyk@itzbund.de\">markus.ksienzyk@itzbund.de<\/a><\/a><\/p>\n<\/div>\n<\/div>\n\n\n\n<div class=\"wp-block-column is-layout-flow wp-block-column-is-layout-flow\">\n<div class=\"wp-block-group is-vertical is-layout-flex wp-container-core-group-is-layout-fe9cc265 wp-block-group-is-layout-flex\">\n<h3 class=\"wp-block-heading\">2. Vorsitzende, Schulkonferenzmitglied<\/h3>\n\n\n\n<p>Cornelia M. Sp\u00f6rel<\/p>\n\n\n\n<p><\/p>\n\n\n\n<p><a href=\"mailto:markus.ksienzyk@itzbund.de\">cspoerel@gmail.com<\/a><\/p>\n<\/div>\n<\/div>\n\n\n\n<div class=\"wp-block-column is-layout-flow wp-block-column-is-layout-flow\">\n<div class=\"wp-block-group is-vertical is-layout-flex wp-container-core-group-is-layout-fe9cc265 wp-block-group-is-layout-flex\">\n<h3 class=\"wp-block-heading\">Schriftf\u00fchrerin,&nbsp;Stv. Schulkonferenzmitglied<\/h3>\n\n\n\n<p>Elli Yaakoubi<\/p>\n\n\n\n<p>07247 \/ 3982424<\/p>\n\n\n\n<p><a href=\"mailto:e&lt;small&gt; [PUNKT] &lt;\/small&gt;yaakoubi&lt;small&gt; [AT] &lt;\/small&gt;gmail&lt;small&gt; [PUNKT] &lt;\/small&gt;com\"><\/a><a href=\"mailto:e.yaakoubi@gmail.com\">e.yaakoubi@gmail.com<\/a><\/p>\n<\/div>\n<\/div>\n<\/div>\n\n\n\n<div style=\"height:20px\" aria-hidden=\"true\" class=\"wp-block-spacer\"><\/div>\n\n\n\n<h2 class=\"wp-block-heading\">Die Aufgaben des Elternbeirates<\/h2>\n\n\n\n<ul class=\"wp-block-list\">\n<li>Klassenpflegschaftsabende (&#8222;Elternabende&#8220;)<\/li>\n\n\n\n<li>Mitglieder der Schulkonferenz<\/li>\n\n\n\n<li><a href=\"https:\/\/www.humboldt-ka.de\/wp-content\/uploads\/2025\/05\/geschaeftsordnungdeselternbeirats2016.pdf\">Die Gesch\u00e4ftsordnung des Elternbeirates (2016)<\/a><\/li>\n<\/ul>\n\n\n\n<div style=\"height:20px\" aria-hidden=\"true\" class=\"wp-block-spacer\"><\/div>\n\n\n\n<h2 class=\"wp-block-heading\">Interessante Links zu den Themen Schule und Eltern<\/h2>\n\n\n\n<figure class=\"wp-block-table is-style-stripes\"><table><tbody><tr><td><a href=\"https:\/\/leb-bw.de\/\" target=\"_blank\" rel=\"noreferrer noopener\">leb-bw.de<\/a><\/td><td>Landeselternbeirat BW<\/td><\/tr><tr><td><a href=\"https:\/\/geb-karlsruhe.de\/\" target=\"_blank\" rel=\"noreferrer noopener\">geb-karlsruhe.de<\/a><\/td><td>Gesamtelternbeirat Karlsruhe<\/td><\/tr><tr><td><a href=\"https:\/\/bundeselternrat.de\/\">bundeselternrat.de<\/a><\/td><td>Bundeselternrat<\/td><\/tr><tr><td><a href=\"https:\/\/www.elternstiftung.de\/\" target=\"_blank\" rel=\"noreferrer noopener\">www.elternstiftung.de<\/a><\/td><td>Elternstiftung BW<\/td><\/tr><tr><td><a href=\"https:\/\/lsfv-bw.de\/\" target=\"_blank\" rel=\"noreferrer noopener\">lsfv-bw.de<\/a><\/td><td>Landesverband f\u00fcr Schulf\u00f6rdervereine BW<\/td><\/tr><tr><td><a href=\"https:\/\/km.baden-wuerttemberg.de\/de\/startseite\" target=\"_blank\" rel=\"noreferrer noopener\">km.baden-wuerttemberg.de<\/a><\/td><td>Ministerium f\u00fcr Kultus, Jugend und Sport<\/td><\/tr><tr><td><a href=\"http:\/\/rp.baden-wuerttemberg.de\/\" target=\"_blank\" rel=\"noreferrer noopener\">rp.baden-wuerttemberg.de<\/a><\/td><td>Regierungspr\u00e4sidien in Baden-W\u00fcrttemberg<\/td><\/tr><tr><td><a href=\"https:\/\/rpk.baden-wuerttemberg.de\/abt7\/\" target=\"_blank\" rel=\"noreferrer noopener\">rpk.baden-wuerttemberg.de<\/a><\/td><td>Regierungspr\u00e4sidium Karlsruhe Abteilung 7 &#8211; Schule und Bildung<\/td><\/tr><tr><td><a href=\"https:\/\/km.baden-wuerttemberg.de\/de\/service\/stellenangebote\/kultus-und-unterricht\" target=\"_blank\" rel=\"noreferrer noopener\">Kultus und Unterricht<\/a><\/td><td>Amtsblatt des Ministeriums f\u00fcr Kultus, Jugend und Sport (z.B. Schulgesetz)<\/td><\/tr><tr><td><a href=\"https:\/\/schule-bw.de\/\" target=\"_blank\" rel=\"noreferrer noopener\">schule-bw.de<\/a><\/td><td>Landesbildungsserver<\/td><\/tr><tr><td><a href=\"https:\/\/bildungsserver.de\/\" target=\"_blank\" rel=\"noreferrer noopener\">bildungsserver.de<\/a><\/td><td>Deutscher Bildungsserver<\/td><\/tr><\/tbody><\/table><\/figure>\n","protected":false},"excerpt":{"rendered":"<p>Den Elternbeir\u00e4ten unserer Schule geb\u00fchrt Dank, dass Sie sich bereit gefunden haben, dieses wichtige Amt auszu\u00fcben. Sie seien ganz besonders gegr\u00fc\u00dft. Diese Informationen sollen Ihnen dabei helfen, sich in Ihre Aufgaben und Pflichten einzufinden und Ihre Rechte kennenzulernen. Elternbeir\u00e4te sollen sich als Partner der Schule und Teil der Schulgemeinschaft empfinden und zusammen mit allen Beteiligten [&hellip;]<\/p>\n","protected":false},"author":1,"featured_media":0,"parent":174,"menu_order":0,"comment_status":"closed","ping_status":"closed","template":"","meta":{"footnotes":""},"class_list":["post-194","page","type-page","status-publish","hentry"],"_links":{"self":[{"href":"https:\/\/www.humboldt-ka.de\/index.php\/wp-json\/wp\/v2\/pages\/194","targetHints":{"allow":["GET"]}}],"collection":[{"href":"https:\/\/www.humboldt-ka.de\/index.php\/wp-json\/wp\/v2\/pages"}],"about":[{"href":"https:\/\/www.humboldt-ka.de\/index.php\/wp-json\/wp\/v2\/types\/page"}],"author":[{"embeddable":true,"href":"https:\/\/www.humboldt-ka.de\/index.php\/wp-json\/wp\/v2\/users\/1"}],"replies":[{"embeddable":true,"href":"https:\/\/www.humboldt-ka.de\/index.php\/wp-json\/wp\/v2\/comments?post=194"}],"version-history":[{"count":4,"href":"https:\/\/www.humboldt-ka.de\/index.php\/wp-json\/wp\/v2\/pages\/194\/revisions"}],"predecessor-version":[{"id":1119,"href":"https:\/\/www.humboldt-ka.de\/index.php\/wp-json\/wp\/v2\/pages\/194\/revisions\/1119"}],"up":[{"embeddable":true,"href":"https:\/\/www.humboldt-ka.de\/index.php\/wp-json\/wp\/v2\/pages\/174"}],"wp:attachment":[{"href":"https:\/\/www.humboldt-ka.de\/index.php\/wp-json\/wp\/v2\/media?parent=194"}],"curies":[{"name":"wp","href":"https:\/\/api.w.org\/{rel}","templated":true}]}}