{"id":198,"date":"2025-05-04T14:48:27","date_gmt":"2025-05-04T12:48:27","guid":{"rendered":"https:\/\/www.humboldt-ka.de\/index.php\/?page_id=198"},"modified":"2025-05-04T14:50:48","modified_gmt":"2025-05-04T12:50:48","slug":"foerdergemeinschaft","status":"publish","type":"page","link":"https:\/\/www.humboldt-ka.de\/index.php\/schulgemeinschaft\/foerdergemeinschaft\/","title":{"rendered":"F\u00f6rdergemeinschaft"},"content":{"rendered":"\n<div class=\"wp-block-group is-vertical is-layout-flex wp-container-core-group-is-layout-fe9cc265 wp-block-group-is-layout-flex\">\n<h2 class=\"wp-block-heading\">Was macht die F\u00f6rdergemeinschaft?<\/h2>\n\n\n\n<div class=\"wp-block-columns is-layout-flex wp-container-core-columns-is-layout-28f84493 wp-block-columns-is-layout-flex\">\n<div class=\"wp-block-column is-layout-flow wp-block-column-is-layout-flow\" style=\"flex-basis:70%\">\n<p>Die F\u00f6rdergemeinschaft sammelt Geld in Form von Spenden und Mitgliedsbeitr\u00e4gen, das direkt in Projekte der Schule flie\u00dft. Die F\u00f6rdergemeinschaft engagiert sich dort, wo die finanziellen und organisatorischen M\u00f6glichkeiten der Schule bzw. des Schultr\u00e4gers enden.<\/p>\n<\/div>\n\n\n\n<div class=\"wp-block-column is-layout-flow wp-block-column-is-layout-flow\" style=\"flex-basis:66.66%\">\n<figure class=\"wp-block-image size-full\"><img loading=\"lazy\" decoding=\"async\" width=\"410\" height=\"211\" src=\"https:\/\/www.humboldt-ka.de\/wp-content\/uploads\/2025\/05\/foerder_400.jpg\" alt=\"\" class=\"wp-image-199\" srcset=\"https:\/\/www.humboldt-ka.de\/wp-content\/uploads\/2025\/05\/foerder_400.jpg 410w, https:\/\/www.humboldt-ka.de\/wp-content\/uploads\/2025\/05\/foerder_400-300x154.jpg 300w\" sizes=\"auto, (max-width: 410px) 100vw, 410px\" \/><\/figure>\n<\/div>\n<\/div>\n\n\n\n<p>Die F\u00f6rdergemeinschaft unterst\u00fctzt<\/p>\n\n\n\n<ul class=\"wp-block-list\">\n<li>Projekte bei den Projekttagen<\/li>\n\n\n\n<li>mit ihrem Sozialfonds Sch\u00fclerinnen und Sch\u00fcler bei Ausfl\u00fcgen und Klassenfahrten<\/li>\n\n\n\n<li>den Schulsanit\u00e4tsdienst bei Fortbildungen<\/li>\n\n\n\n<li>die Theater-AGs<\/li>\n\n\n\n<li>die Bewirtung bei Schulveranstaltungen und Konzerten<\/li>\n<\/ul>\n\n\n\n<p>und vieles mehr&#8230;&#8230;..<\/p>\n<\/div>\n\n\n\n<div class=\"wp-block-group is-vertical is-layout-flex wp-container-core-group-is-layout-fe9cc265 wp-block-group-is-layout-flex\">\n<h2 class=\"wp-block-heading\">Unterst\u00fctzung!<\/h2>\n\n\n\n<p>Bitte unterst\u00fctzen auch Sie die Sch\u00fclerinnen und Sch\u00fcler des Humboldt-Gymnasiums Karlsruhe! Die Bankverbindung bei der Sparkasse Karlsruhe lautet<\/p>\n\n\n\n<p class=\"has-text-align-left is-style-text-annotation is-style-text-annotation--1\">F\u00f6rdergemeinschaft Humboldt-Gymnasium Karlsruhe<br>IBAN: DE 74 6605 0101 0009 2127 70<br>BIC: KARSDE66XXX<\/p>\n<\/div>\n\n\n\n<div class=\"wp-block-group is-vertical is-layout-flex wp-container-core-group-is-layout-fe9cc265 wp-block-group-is-layout-flex\">\n<h2 class=\"wp-block-heading\">Der Vorstand<\/h2>\n\n\n\n<p><strong>1. Vorsitzende:&nbsp;<\/strong>Merima Schneider<\/p>\n\n\n\n<p><strong>2. Vorsitzende:&nbsp;<\/strong>Miriam Miklitz<\/p>\n\n\n\n<p><strong>Kassenwartin:&nbsp;<\/strong>Mariel N\u00f6llmann<\/p>\n\n\n\n<p><strong>Schriftf\u00fchrerin:&nbsp;<\/strong>Susanne Euler<\/p>\n\n\n\n<p><strong>Beisitzerinnen und Beisitzer:&nbsp;<\/strong>Olga Schwabenland, Stefanie Gerstenberg, Hilde Mehlig, Ulrich Hecking<\/p>\n\n\n\n<p><strong>1. Kassenpr\u00fcfer:<\/strong>&nbsp;Arno Kastner<\/p>\n\n\n\n<p><strong>2. Kassenpr\u00fcfer:<\/strong>&nbsp;J\u00f6rg Doll<\/p>\n<\/div>\n\n\n\n<h2 class=\"wp-block-heading\" id=\"contact-elternbeirat\">Weitere Informationen<\/h2>\n\n\n\n<p>Kontaktadresse:\u00a0<a href=\"mailto:foerdergemeinschaft@humboldt-ka.de\">foerdergemeinschaft@humboldt-ka.de<\/a><\/p>\n\n\n\n<div class=\"wp-block-file\"><a id=\"wp-block-file--media-00b908f1-74e3-44f3-a67b-80cd0510d65d\" href=\"https:\/\/www.humboldt-ka.de\/wp-content\/uploads\/2025\/05\/satzung-_aktualisiert_mai2019.pdf\">Die Satzung der F\u00f6rdergemeinschaft<\/a><\/div>\n\n\n\n<div class=\"wp-block-file\"><a id=\"wp-block-file--media-1b9e45d2-c9ae-42c9-aca9-556dae316258\" href=\"https:\/\/www.humboldt-ka.de\/wp-content\/uploads\/2025\/05\/2018_08_frdergemeinschaft-antrag.pdf\">Beitrittserkl\u00e4rung zur F\u00f6rdergemeinschaft<\/a><\/div>\n","protected":false},"excerpt":{"rendered":"<p>Was macht die F\u00f6rdergemeinschaft? Die F\u00f6rdergemeinschaft sammelt Geld in Form von Spenden und Mitgliedsbeitr\u00e4gen, das direkt in Projekte der Schule flie\u00dft. Die F\u00f6rdergemeinschaft engagiert sich dort, wo die finanziellen und organisatorischen M\u00f6glichkeiten der Schule bzw. des Schultr\u00e4gers enden. Die F\u00f6rdergemeinschaft unterst\u00fctzt und vieles mehr&#8230;&#8230;.. Unterst\u00fctzung! Bitte unterst\u00fctzen auch Sie die Sch\u00fclerinnen und Sch\u00fcler des Humboldt-Gymnasiums [&hellip;]<\/p>\n","protected":false},"author":1,"featured_media":0,"parent":174,"menu_order":0,"comment_status":"closed","ping_status":"closed","template":"","meta":{"footnotes":""},"class_list":["post-198","page","type-page","status-publish","hentry"],"_links":{"self":[{"href":"https:\/\/www.humboldt-ka.de\/index.php\/wp-json\/wp\/v2\/pages\/198","targetHints":{"allow":["GET"]}}],"collection":[{"href":"https:\/\/www.humboldt-ka.de\/index.php\/wp-json\/wp\/v2\/pages"}],"about":[{"href":"https:\/\/www.humboldt-ka.de\/index.php\/wp-json\/wp\/v2\/types\/page"}],"author":[{"embeddable":true,"href":"https:\/\/www.humboldt-ka.de\/index.php\/wp-json\/wp\/v2\/users\/1"}],"replies":[{"embeddable":true,"href":"https:\/\/www.humboldt-ka.de\/index.php\/wp-json\/wp\/v2\/comments?post=198"}],"version-history":[{"count":3,"href":"https:\/\/www.humboldt-ka.de\/index.php\/wp-json\/wp\/v2\/pages\/198\/revisions"}],"predecessor-version":[{"id":205,"href":"https:\/\/www.humboldt-ka.de\/index.php\/wp-json\/wp\/v2\/pages\/198\/revisions\/205"}],"up":[{"embeddable":true,"href":"https:\/\/www.humboldt-ka.de\/index.php\/wp-json\/wp\/v2\/pages\/174"}],"wp:attachment":[{"href":"https:\/\/www.humboldt-ka.de\/index.php\/wp-json\/wp\/v2\/media?parent=198"}],"curies":[{"name":"wp","href":"https:\/\/api.w.org\/{rel}","templated":true}]}}