{"id":2,"date":"2025-05-03T19:54:48","date_gmt":"2025-05-03T17:54:48","guid":{"rendered":"https:\/\/www.humboldt-ka.de\/?page_id=2"},"modified":"2026-02-09T00:20:01","modified_gmt":"2026-02-08T23:20:01","slug":"beispiel-seite","status":"publish","type":"page","link":"https:\/\/www.humboldt-ka.de\/index.php\/","title":{"rendered":"Willkommen am Humboldt-Gymnasium Karlsruhe"},"content":{"rendered":"\n<main class=\"wp-block-group is-style-default has-global-padding is-layout-constrained wp-container-core-group-is-layout-e6521165 wp-block-group-is-layout-constrained\" style=\"margin-top:var(--wp--preset--spacing--60)\">\n<div class=\"wp-block-query is-layout-flow wp-block-query-is-layout-flow\">\n\n<ul style=\"border-style:none;border-width:0px;\" class=\"columns-2 wp-block-post-template is-layout-grid wp-container-core-post-template-is-layout-dd7cd1d4 wp-block-post-template-is-layout-grid\"><li class=\"wp-block-post post-2067 post type-post status-publish format-standard has-post-thumbnail hentry category-news\">\n<h2 style=\"padding-right:var(--wp--preset--spacing--20);padding-left:var(--wp--preset--spacing--20);\" class=\"wp-block-post-title\"><a href=\"https:\/\/www.humboldt-ka.de\/index.php\/impressionen-aus-dem-kunstunterricht\/\" target=\"_self\" >Impressionen aus dem Kunstunterricht<\/a><\/h2>\n\n<figure class=\"alignwide wp-block-post-featured-image\"><a href=\"https:\/\/www.humboldt-ka.de\/index.php\/impressionen-aus-dem-kunstunterricht\/\" target=\"_self\"  ><img loading=\"lazy\" decoding=\"async\" width=\"1779\" height=\"1003\" src=\"https:\/\/www.humboldt-ka.de\/wp-content\/uploads\/2026\/04\/BK13-scaled-e1776772672307.jpeg\" class=\"attachment-post-thumbnail size-post-thumbnail wp-post-image\" alt=\"Impressionen aus dem Kunstunterricht\" style=\"object-fit:cover;\" srcset=\"https:\/\/www.humboldt-ka.de\/wp-content\/uploads\/2026\/04\/BK13-scaled-e1776772672307.jpeg 1779w, https:\/\/www.humboldt-ka.de\/wp-content\/uploads\/2026\/04\/BK13-scaled-e1776772672307-300x169.jpeg 300w, https:\/\/www.humboldt-ka.de\/wp-content\/uploads\/2026\/04\/BK13-scaled-e1776772672307-1024x577.jpeg 1024w, https:\/\/www.humboldt-ka.de\/wp-content\/uploads\/2026\/04\/BK13-scaled-e1776772672307-768x433.jpeg 768w, https:\/\/www.humboldt-ka.de\/wp-content\/uploads\/2026\/04\/BK13-scaled-e1776772672307-1536x866.jpeg 1536w\" sizes=\"auto, (max-width: 1779px) 100vw, 1779px\" \/><\/a><\/figure>\n\n<div style=\"padding-right:var(--wp--preset--spacing--20);padding-left:var(--wp--preset--spacing--20);\" class=\"has-text-align-left wp-block-post-excerpt\"><p class=\"wp-block-post-excerpt__excerpt\">In regelm\u00e4\u00dfigen Abst\u00e4nden werden an dieser Stelle Sch\u00fclerarbeiten aus dem Kunstunterricht am HGK pr\u00e4sentiert. Den Anfang macht die Klasse 6b&hellip; <a class=\"wp-block-post-excerpt__more-link\" href=\"https:\/\/www.humboldt-ka.de\/index.php\/impressionen-aus-dem-kunstunterricht\/\">(weiterlesen)<\/a><\/p><\/div>\n\n<div class=\"has-text-align-right wp-block-post-date\"><time datetime=\"2026-05-05T13:58:01+02:00\">5 Mai, 2026<\/time><\/div>\n\n\n<hr class=\"wp-block-separator has-css-opacity\"\/>\n\n<\/li><li class=\"wp-block-post post-2099 post type-post status-publish format-standard has-post-thumbnail hentry category-news\">\n<h2 style=\"padding-right:var(--wp--preset--spacing--20);padding-left:var(--wp--preset--spacing--20);\" class=\"wp-block-post-title\"><a href=\"https:\/\/www.humboldt-ka.de\/index.php\/besuch-aus-spanien\/\" target=\"_self\" >Besuch aus Spanien<\/a><\/h2>\n\n<figure class=\"alignwide wp-block-post-featured-image\"><a href=\"https:\/\/www.humboldt-ka.de\/index.php\/besuch-aus-spanien\/\" target=\"_self\"  ><img loading=\"lazy\" decoding=\"async\" width=\"2560\" height=\"1442\" src=\"https:\/\/www.humboldt-ka.de\/wp-content\/uploads\/2026\/05\/Spanien-scaled-e1777975945170.jpeg\" class=\"attachment-post-thumbnail size-post-thumbnail wp-post-image\" alt=\"Besuch aus Spanien\" style=\"object-fit:cover;\" srcset=\"https:\/\/www.humboldt-ka.de\/wp-content\/uploads\/2026\/05\/Spanien-scaled-e1777975945170.jpeg 2560w, https:\/\/www.humboldt-ka.de\/wp-content\/uploads\/2026\/05\/Spanien-scaled-e1777975945170-300x169.jpeg 300w, https:\/\/www.humboldt-ka.de\/wp-content\/uploads\/2026\/05\/Spanien-scaled-e1777975945170-1024x577.jpeg 1024w, https:\/\/www.humboldt-ka.de\/wp-content\/uploads\/2026\/05\/Spanien-scaled-e1777975945170-768x433.jpeg 768w, https:\/\/www.humboldt-ka.de\/wp-content\/uploads\/2026\/05\/Spanien-scaled-e1777975945170-1536x865.jpeg 1536w, https:\/\/www.humboldt-ka.de\/wp-content\/uploads\/2026\/05\/Spanien-scaled-e1777975945170-2048x1154.jpeg 2048w\" sizes=\"auto, (max-width: 2560px) 100vw, 2560px\" \/><\/a><\/figure>\n\n<div style=\"padding-right:var(--wp--preset--spacing--20);padding-left:var(--wp--preset--spacing--20);\" class=\"has-text-align-left wp-block-post-excerpt\"><p class=\"wp-block-post-excerpt__excerpt\">F\u00fcr eine Woche haben wir hier am HGK Besuch aus Spanien: Zehn Jugendliche aus Mallorca und unsere deutschen \u201cIntercambios\u201d verbringen&hellip; <a class=\"wp-block-post-excerpt__more-link\" href=\"https:\/\/www.humboldt-ka.de\/index.php\/besuch-aus-spanien\/\">(weiterlesen)<\/a><\/p><\/div>\n\n<div class=\"has-text-align-right wp-block-post-date\"><time datetime=\"2026-05-05T12:10:00+02:00\">5 Mai, 2026<\/time><\/div>\n\n\n<hr class=\"wp-block-separator has-css-opacity\"\/>\n\n<\/li><li class=\"wp-block-post post-2093 post type-post status-publish format-standard has-post-thumbnail hentry category-news\">\n<h2 style=\"padding-right:var(--wp--preset--spacing--20);padding-left:var(--wp--preset--spacing--20);\" class=\"wp-block-post-title\"><a href=\"https:\/\/www.humboldt-ka.de\/index.php\/das-humboldt-laeuft-die-badische-meile\/\" target=\"_self\" >Premiere bei der Badischen Meile<\/a><\/h2>\n\n<figure class=\"alignwide wp-block-post-featured-image\"><a href=\"https:\/\/www.humboldt-ka.de\/index.php\/das-humboldt-laeuft-die-badische-meile\/\" target=\"_self\"  ><img loading=\"lazy\" decoding=\"async\" width=\"2560\" height=\"1442\" src=\"https:\/\/www.humboldt-ka.de\/wp-content\/uploads\/2026\/05\/Meile-1-scaled-e1777835793664.jpeg\" class=\"attachment-post-thumbnail size-post-thumbnail wp-post-image\" alt=\"Premiere bei der Badischen Meile\" style=\"object-fit:cover;\" srcset=\"https:\/\/www.humboldt-ka.de\/wp-content\/uploads\/2026\/05\/Meile-1-scaled-e1777835793664.jpeg 2560w, https:\/\/www.humboldt-ka.de\/wp-content\/uploads\/2026\/05\/Meile-1-scaled-e1777835793664-300x169.jpeg 300w, https:\/\/www.humboldt-ka.de\/wp-content\/uploads\/2026\/05\/Meile-1-scaled-e1777835793664-1024x577.jpeg 1024w, https:\/\/www.humboldt-ka.de\/wp-content\/uploads\/2026\/05\/Meile-1-scaled-e1777835793664-768x433.jpeg 768w, https:\/\/www.humboldt-ka.de\/wp-content\/uploads\/2026\/05\/Meile-1-scaled-e1777835793664-1536x865.jpeg 1536w, https:\/\/www.humboldt-ka.de\/wp-content\/uploads\/2026\/05\/Meile-1-scaled-e1777835793664-2048x1154.jpeg 2048w\" sizes=\"auto, (max-width: 2560px) 100vw, 2560px\" \/><\/a><\/figure>\n\n<div style=\"padding-right:var(--wp--preset--spacing--20);padding-left:var(--wp--preset--spacing--20);\" class=\"has-text-align-left wp-block-post-excerpt\"><p class=\"wp-block-post-excerpt__excerpt\">Zum ersten Mal ging am Sonntag, den 3.5.2026, eine Humboldt-Laufmannschaft an den Start der Badischen Meile. Zusammengesetzt aus Sch\u00fclern, Lehrern&hellip; <a class=\"wp-block-post-excerpt__more-link\" href=\"https:\/\/www.humboldt-ka.de\/index.php\/das-humboldt-laeuft-die-badische-meile\/\">(weiterlesen)<\/a><\/p><\/div>\n\n<div class=\"has-text-align-right wp-block-post-date\"><time datetime=\"2026-05-03T21:15:08+02:00\">3 Mai, 2026<\/time><\/div>\n\n\n<hr class=\"wp-block-separator has-css-opacity\"\/>\n\n<\/li><li class=\"wp-block-post post-2050 post type-post status-publish format-standard has-post-thumbnail hentry category-news\">\n<h2 style=\"padding-right:var(--wp--preset--spacing--20);padding-left:var(--wp--preset--spacing--20);\" class=\"wp-block-post-title\"><a href=\"https:\/\/www.humboldt-ka.de\/index.php\/expertengespraech-mit-einem-jugendoffizier\/\" target=\"_self\" >Ein Jugendoffizier erz\u00e4hlt<\/a><\/h2>\n\n<figure class=\"alignwide wp-block-post-featured-image\"><a href=\"https:\/\/www.humboldt-ka.de\/index.php\/expertengespraech-mit-einem-jugendoffizier\/\" target=\"_self\"  ><img loading=\"lazy\" decoding=\"async\" width=\"1024\" height=\"577\" src=\"https:\/\/www.humboldt-ka.de\/wp-content\/uploads\/2026\/04\/Jugendoffizier-Besuch-e1777835827868.png\" class=\"attachment-post-thumbnail size-post-thumbnail wp-post-image\" alt=\"Ein Jugendoffizier erz\u00e4hlt\" style=\"object-fit:cover;\" srcset=\"https:\/\/www.humboldt-ka.de\/wp-content\/uploads\/2026\/04\/Jugendoffizier-Besuch-e1777835827868.png 1024w, https:\/\/www.humboldt-ka.de\/wp-content\/uploads\/2026\/04\/Jugendoffizier-Besuch-e1777835827868-300x169.png 300w, https:\/\/www.humboldt-ka.de\/wp-content\/uploads\/2026\/04\/Jugendoffizier-Besuch-e1777835827868-768x433.png 768w\" sizes=\"auto, (max-width: 1024px) 100vw, 1024px\" \/><\/a><\/figure>\n\n<div style=\"padding-right:var(--wp--preset--spacing--20);padding-left:var(--wp--preset--spacing--20);\" class=\"has-text-align-left wp-block-post-excerpt\"><p class=\"wp-block-post-excerpt__excerpt\">Krisen, Konflikte, Kriege &#8211; internationale Herausforderungen bestimmen mittlerweile die Nachrichten und wirken sich auf unseren Alltag aus. Auch die Bundeswehr&hellip; <a class=\"wp-block-post-excerpt__more-link\" href=\"https:\/\/www.humboldt-ka.de\/index.php\/expertengespraech-mit-einem-jugendoffizier\/\">(weiterlesen)<\/a><\/p><\/div>\n\n<div class=\"has-text-align-right wp-block-post-date\"><time datetime=\"2026-04-27T08:40:00+02:00\">27 April, 2026<\/time><\/div>\n\n\n<hr class=\"wp-block-separator has-css-opacity\"\/>\n\n<\/li><li class=\"wp-block-post post-2078 post type-post status-publish format-standard has-post-thumbnail hentry category-news\">\n<h2 style=\"padding-right:var(--wp--preset--spacing--20);padding-left:var(--wp--preset--spacing--20);\" class=\"wp-block-post-title\"><a href=\"https:\/\/www.humboldt-ka.de\/index.php\/lesung-von-kinderbuchautorin-stefanie-hoefler\/\" target=\"_self\" >Lesung von Stefanie H\u00f6fler<\/a><\/h2>\n\n<figure class=\"alignwide wp-block-post-featured-image\"><a href=\"https:\/\/www.humboldt-ka.de\/index.php\/lesung-von-kinderbuchautorin-stefanie-hoefler\/\" target=\"_self\"  ><img loading=\"lazy\" decoding=\"async\" width=\"1280\" height=\"720\" src=\"https:\/\/www.humboldt-ka.de\/wp-content\/uploads\/2026\/04\/Autorin-e1776970541745.jpeg\" class=\"attachment-post-thumbnail size-post-thumbnail wp-post-image\" alt=\"Lesung von Stefanie H\u00f6fler\" style=\"object-fit:cover;\" srcset=\"https:\/\/www.humboldt-ka.de\/wp-content\/uploads\/2026\/04\/Autorin-e1776970541745.jpeg 1280w, https:\/\/www.humboldt-ka.de\/wp-content\/uploads\/2026\/04\/Autorin-e1776970541745-300x169.jpeg 300w, https:\/\/www.humboldt-ka.de\/wp-content\/uploads\/2026\/04\/Autorin-e1776970541745-1024x576.jpeg 1024w, https:\/\/www.humboldt-ka.de\/wp-content\/uploads\/2026\/04\/Autorin-e1776970541745-768x432.jpeg 768w\" sizes=\"auto, (max-width: 1280px) 100vw, 1280px\" \/><\/a><\/figure>\n\n<div style=\"padding-right:var(--wp--preset--spacing--20);padding-left:var(--wp--preset--spacing--20);\" class=\"has-text-align-left wp-block-post-excerpt\"><p class=\"wp-block-post-excerpt__excerpt\">Am Mittwoch, den 18. M\u00e4rz, kam die Autorin Stefanie H\u00f6fler zu den siebten und einer sechsten Klasse. Sie las aus&hellip; <a class=\"wp-block-post-excerpt__more-link\" href=\"https:\/\/www.humboldt-ka.de\/index.php\/lesung-von-kinderbuchautorin-stefanie-hoefler\/\">(weiterlesen)<\/a><\/p><\/div>\n\n<div class=\"has-text-align-right wp-block-post-date\"><time datetime=\"2026-04-23T20:57:57+02:00\">23 April, 2026<\/time><\/div>\n\n\n<hr class=\"wp-block-separator has-css-opacity\"\/>\n\n<\/li><li class=\"wp-block-post post-2073 post type-post status-publish format-standard has-post-thumbnail hentry category-news\">\n<h2 style=\"padding-right:var(--wp--preset--spacing--20);padding-left:var(--wp--preset--spacing--20);\" class=\"wp-block-post-title\"><a href=\"https:\/\/www.humboldt-ka.de\/index.php\/musicalpremiere-vertagt\/\" target=\"_self\" >Musicalauff\u00fchrung vertagt<\/a><\/h2>\n\n<figure class=\"alignwide wp-block-post-featured-image\"><a href=\"https:\/\/www.humboldt-ka.de\/index.php\/musicalpremiere-vertagt\/\" target=\"_self\"  ><img loading=\"lazy\" decoding=\"async\" width=\"2000\" height=\"1127\" src=\"https:\/\/www.humboldt-ka.de\/wp-content\/uploads\/2026\/04\/maklay62-bell-1468462-e1776874980623.png\" class=\"attachment-post-thumbnail size-post-thumbnail wp-post-image\" alt=\"Musicalauff\u00fchrung vertagt\" style=\"object-fit:cover;\" srcset=\"https:\/\/www.humboldt-ka.de\/wp-content\/uploads\/2026\/04\/maklay62-bell-1468462-e1776874980623.png 2000w, https:\/\/www.humboldt-ka.de\/wp-content\/uploads\/2026\/04\/maklay62-bell-1468462-e1776874980623-300x169.png 300w, https:\/\/www.humboldt-ka.de\/wp-content\/uploads\/2026\/04\/maklay62-bell-1468462-e1776874980623-1024x577.png 1024w, https:\/\/www.humboldt-ka.de\/wp-content\/uploads\/2026\/04\/maklay62-bell-1468462-e1776874980623-768x433.png 768w, https:\/\/www.humboldt-ka.de\/wp-content\/uploads\/2026\/04\/maklay62-bell-1468462-e1776874980623-1536x866.png 1536w\" sizes=\"auto, (max-width: 2000px) 100vw, 2000px\" \/><\/a><\/figure>\n\n<div style=\"padding-right:var(--wp--preset--spacing--20);padding-left:var(--wp--preset--spacing--20);\" class=\"has-text-align-left wp-block-post-excerpt\"><p class=\"wp-block-post-excerpt__excerpt\">Die f\u00fcr kommenden Sonntag, 26.04.2026 angesetzte Auff\u00fchrung des Musicals: \u201eUnd wenn sie nicht gestorben sind\u2026\u201c wird auf einen sp\u00e4teren Zeitpunkt&hellip; <a class=\"wp-block-post-excerpt__more-link\" href=\"https:\/\/www.humboldt-ka.de\/index.php\/musicalpremiere-vertagt\/\">(weiterlesen)<\/a><\/p><\/div>\n\n<div class=\"has-text-align-right wp-block-post-date\"><time datetime=\"2026-04-22T18:22:23+02:00\">22 April, 2026<\/time><\/div>\n\n\n<hr class=\"wp-block-separator has-css-opacity\"\/>\n\n<\/li><li class=\"wp-block-post post-2047 post type-post status-publish format-standard has-post-thumbnail hentry category-news\">\n<h2 style=\"padding-right:var(--wp--preset--spacing--20);padding-left:var(--wp--preset--spacing--20);\" class=\"wp-block-post-title\"><a href=\"https:\/\/www.humboldt-ka.de\/index.php\/think-speak-win\/\" target=\"_self\" >Think. Speak. Win!<\/a><\/h2>\n\n<figure class=\"alignwide wp-block-post-featured-image\"><a href=\"https:\/\/www.humboldt-ka.de\/index.php\/think-speak-win\/\" target=\"_self\"  ><img loading=\"lazy\" decoding=\"async\" width=\"2560\" height=\"1601\" src=\"https:\/\/www.humboldt-ka.de\/wp-content\/uploads\/2026\/04\/Jugend-debattiert-scaled.jpeg\" class=\"attachment-post-thumbnail size-post-thumbnail wp-post-image\" alt=\"Think. Speak. Win!\" style=\"object-fit:cover;\" srcset=\"https:\/\/www.humboldt-ka.de\/wp-content\/uploads\/2026\/04\/Jugend-debattiert-scaled.jpeg 2560w, https:\/\/www.humboldt-ka.de\/wp-content\/uploads\/2026\/04\/Jugend-debattiert-300x188.jpeg 300w, https:\/\/www.humboldt-ka.de\/wp-content\/uploads\/2026\/04\/Jugend-debattiert-1024x640.jpeg 1024w, https:\/\/www.humboldt-ka.de\/wp-content\/uploads\/2026\/04\/Jugend-debattiert-768x480.jpeg 768w, https:\/\/www.humboldt-ka.de\/wp-content\/uploads\/2026\/04\/Jugend-debattiert-1536x960.jpeg 1536w, https:\/\/www.humboldt-ka.de\/wp-content\/uploads\/2026\/04\/Jugend-debattiert-2048x1281.jpeg 2048w\" sizes=\"auto, (max-width: 2560px) 100vw, 2560px\" \/><\/a><\/figure>\n\n<div style=\"padding-right:var(--wp--preset--spacing--20);padding-left:var(--wp--preset--spacing--20);\" class=\"has-text-align-left wp-block-post-excerpt\"><p class=\"wp-block-post-excerpt__excerpt\">Nur knapp drei Wochen nach der Landtagswahl ging es in Stuttgart wieder um Wahlen. Am 27. M\u00e4rz besch\u00e4ftigten sich die&hellip; <a class=\"wp-block-post-excerpt__more-link\" href=\"https:\/\/www.humboldt-ka.de\/index.php\/think-speak-win\/\">(weiterlesen)<\/a><\/p><\/div>\n\n<div class=\"has-text-align-right wp-block-post-date\"><time datetime=\"2026-04-21T14:00:50+02:00\">21 April, 2026<\/time><\/div>\n\n\n<hr class=\"wp-block-separator has-css-opacity\"\/>\n\n<\/li><li class=\"wp-block-post post-2044 post type-post status-publish format-standard has-post-thumbnail hentry category-news\">\n<h2 style=\"padding-right:var(--wp--preset--spacing--20);padding-left:var(--wp--preset--spacing--20);\" class=\"wp-block-post-title\"><a href=\"https:\/\/www.humboldt-ka.de\/index.php\/abiturpruefungen-gestartet\/\" target=\"_self\" >Abiturpr\u00fcfungen gestartet<\/a><\/h2>\n\n<figure class=\"alignwide wp-block-post-featured-image\"><a href=\"https:\/\/www.humboldt-ka.de\/index.php\/abiturpruefungen-gestartet\/\" target=\"_self\"  ><img loading=\"lazy\" decoding=\"async\" width=\"2560\" height=\"1440\" src=\"https:\/\/www.humboldt-ka.de\/wp-content\/uploads\/2026\/04\/Poster-scaled.jpeg\" class=\"attachment-post-thumbnail size-post-thumbnail wp-post-image\" alt=\"Abiturpr\u00fcfungen gestartet\" style=\"object-fit:cover;\" srcset=\"https:\/\/www.humboldt-ka.de\/wp-content\/uploads\/2026\/04\/Poster-scaled.jpeg 2560w, https:\/\/www.humboldt-ka.de\/wp-content\/uploads\/2026\/04\/Poster-300x169.jpeg 300w, https:\/\/www.humboldt-ka.de\/wp-content\/uploads\/2026\/04\/Poster-1024x576.jpeg 1024w, https:\/\/www.humboldt-ka.de\/wp-content\/uploads\/2026\/04\/Poster-768x432.jpeg 768w, https:\/\/www.humboldt-ka.de\/wp-content\/uploads\/2026\/04\/Poster-1536x864.jpeg 1536w, https:\/\/www.humboldt-ka.de\/wp-content\/uploads\/2026\/04\/Poster-2048x1152.jpeg 2048w\" sizes=\"auto, (max-width: 2560px) 100vw, 2560px\" \/><\/a><\/figure>\n\n<div style=\"padding-right:var(--wp--preset--spacing--20);padding-left:var(--wp--preset--spacing--20);\" class=\"has-text-align-left wp-block-post-excerpt\"><p class=\"wp-block-post-excerpt__excerpt\">Schon beim Eingangsportal zum Humboldt ist es nicht zu \u00fcbersehen: Am heutigen Freitag startete f\u00fcr die Abiturienten des HGK der&hellip; <a class=\"wp-block-post-excerpt__more-link\" href=\"https:\/\/www.humboldt-ka.de\/index.php\/abiturpruefungen-gestartet\/\">(weiterlesen)<\/a><\/p><\/div>\n\n<div class=\"has-text-align-right wp-block-post-date\"><time datetime=\"2026-04-17T09:16:10+02:00\">17 April, 2026<\/time><\/div>\n\n\n<hr class=\"wp-block-separator has-css-opacity\"\/>\n\n<\/li><li class=\"wp-block-post post-1985 post type-post status-publish format-standard has-post-thumbnail hentry category-news\">\n<h2 style=\"padding-right:var(--wp--preset--spacing--20);padding-left:var(--wp--preset--spacing--20);\" class=\"wp-block-post-title\"><a href=\"https:\/\/www.humboldt-ka.de\/index.php\/helfen-im-ernstfall-hautnah-erleben\/\" target=\"_self\" >Helfen im Ernstfall &#8211; hautnah erleben<\/a><\/h2>\n\n<figure class=\"alignwide wp-block-post-featured-image\"><a href=\"https:\/\/www.humboldt-ka.de\/index.php\/helfen-im-ernstfall-hautnah-erleben\/\" target=\"_self\"  ><img loading=\"lazy\" decoding=\"async\" width=\"1127\" height=\"637\" src=\"https:\/\/www.humboldt-ka.de\/wp-content\/uploads\/2026\/03\/Sanis-1-e1775203783936.jpeg\" class=\"attachment-post-thumbnail size-post-thumbnail wp-post-image\" alt=\"Helfen im Ernstfall &#8211; hautnah erleben\" style=\"object-fit:cover;\" srcset=\"https:\/\/www.humboldt-ka.de\/wp-content\/uploads\/2026\/03\/Sanis-1-e1775203783936.jpeg 1127w, https:\/\/www.humboldt-ka.de\/wp-content\/uploads\/2026\/03\/Sanis-1-e1775203783936-300x170.jpeg 300w, https:\/\/www.humboldt-ka.de\/wp-content\/uploads\/2026\/03\/Sanis-1-e1775203783936-1024x579.jpeg 1024w, https:\/\/www.humboldt-ka.de\/wp-content\/uploads\/2026\/03\/Sanis-1-e1775203783936-768x434.jpeg 768w\" sizes=\"auto, (max-width: 1127px) 100vw, 1127px\" \/><\/a><\/figure>\n\n<div style=\"padding-right:var(--wp--preset--spacing--20);padding-left:var(--wp--preset--spacing--20);\" class=\"has-text-align-left wp-block-post-excerpt\"><p class=\"wp-block-post-excerpt__excerpt\">F\u00fcr uns Mitglieder des Schulsanit\u00e4tsdienstes ergab sich an einem Donnerstag Vormittag die M\u00f6glichkeit einen Ger\u00e4tewagen Sanit\u00e4t (GW San) und einen&hellip; <a class=\"wp-block-post-excerpt__more-link\" href=\"https:\/\/www.humboldt-ka.de\/index.php\/helfen-im-ernstfall-hautnah-erleben\/\">(weiterlesen)<\/a><\/p><\/div>\n\n<div class=\"has-text-align-right wp-block-post-date\"><time datetime=\"2026-03-31T14:00:00+02:00\">31 M\u00e4rz, 2026<\/time><\/div>\n\n\n<hr class=\"wp-block-separator has-css-opacity\"\/>\n\n<\/li><li class=\"wp-block-post post-1980 post type-post status-publish format-standard has-post-thumbnail hentry category-news\">\n<h2 style=\"padding-right:var(--wp--preset--spacing--20);padding-left:var(--wp--preset--spacing--20);\" class=\"wp-block-post-title\"><a href=\"https:\/\/www.humboldt-ka.de\/index.php\/raetselpinguin\/\" target=\"_self\" >R\u00e4tselpinguin<\/a><\/h2>\n\n<figure class=\"alignwide wp-block-post-featured-image\"><a href=\"https:\/\/www.humboldt-ka.de\/index.php\/raetselpinguin\/\" target=\"_self\"  ><img loading=\"lazy\" decoding=\"async\" width=\"688\" height=\"390\" src=\"https:\/\/www.humboldt-ka.de\/wp-content\/uploads\/2026\/03\/Raetselpinguin-e1774788932397.jpg\" class=\"attachment-post-thumbnail size-post-thumbnail wp-post-image\" alt=\"R\u00e4tselpinguin\" style=\"object-fit:cover;\" srcset=\"https:\/\/www.humboldt-ka.de\/wp-content\/uploads\/2026\/03\/Raetselpinguin-e1774788932397.jpg 688w, https:\/\/www.humboldt-ka.de\/wp-content\/uploads\/2026\/03\/Raetselpinguin-e1774788932397-300x170.jpg 300w\" sizes=\"auto, (max-width: 688px) 100vw, 688px\" \/><\/a><\/figure>\n\n<div style=\"padding-right:var(--wp--preset--spacing--20);padding-left:var(--wp--preset--spacing--20);\" class=\"has-text-align-left wp-block-post-excerpt\"><p class=\"wp-block-post-excerpt__excerpt\">Die Osterferien stehen vor der T\u00fcr, und damit auch der R\u00e4tselpinguin! Gerne k\u00f6nnt ihr ihn l\u00f6sen und habt viel Spa\u00df&hellip; <a class=\"wp-block-post-excerpt__more-link\" href=\"https:\/\/www.humboldt-ka.de\/index.php\/raetselpinguin\/\">(weiterlesen)<\/a><\/p><\/div>\n\n<div class=\"has-text-align-right wp-block-post-date\"><time datetime=\"2026-03-27T12:00:00+01:00\">27 M\u00e4rz, 2026<\/time><\/div>\n\n\n<hr class=\"wp-block-separator has-css-opacity\"\/>\n\n<\/li><\/ul>\n\n<nav class=\"alignwide wp-block-query-pagination is-content-justification-space-between is-layout-flex wp-container-core-query-pagination-is-layout-b2891da8 wp-block-query-pagination-is-layout-flex\" aria-label=\"Seitennummerierung\">\n\n\n<div class=\"wp-block-query-pagination-numbers\"><span aria-current=\"page\" class=\"page-numbers current\">1<\/span>\n<a class=\"page-numbers\" href=\"?query-33-page=2\">2<\/a>\n<a class=\"page-numbers\" href=\"?query-33-page=3\">3<\/a>\n<a class=\"page-numbers\" href=\"?query-33-page=4\">4<\/a><\/div>\n\n<a href=\"\/index.php\/wp-json\/wp\/v2\/pages\/2?query-33-page=2\" class=\"wp-block-query-pagination-next\">N\u00e4chste Seite<span class='wp-block-query-pagination-next-arrow is-arrow-arrow' aria-hidden='true'>\u2192<\/span><\/a>\n<\/nav><\/div>\n<\/main>\n","protected":false},"excerpt":{"rendered":"","protected":false},"author":1,"featured_media":0,"parent":0,"menu_order":0,"comment_status":"closed","ping_status":"open","template":"","meta":{"footnotes":""},"class_list":["post-2","page","type-page","status-publish","hentry"],"_links":{"self":[{"href":"https:\/\/www.humboldt-ka.de\/index.php\/wp-json\/wp\/v2\/pages\/2","targetHints":{"allow":["GET"]}}],"collection":[{"href":"https:\/\/www.humboldt-ka.de\/index.php\/wp-json\/wp\/v2\/pages"}],"about":[{"href":"https:\/\/www.humboldt-ka.de\/index.php\/wp-json\/wp\/v2\/types\/page"}],"author":[{"embeddable":true,"href":"https:\/\/www.humboldt-ka.de\/index.php\/wp-json\/wp\/v2\/users\/1"}],"replies":[{"embeddable":true,"href":"https:\/\/www.humboldt-ka.de\/index.php\/wp-json\/wp\/v2\/comments?post=2"}],"version-history":[{"count":40,"href":"https:\/\/www.humboldt-ka.de\/index.php\/wp-json\/wp\/v2\/pages\/2\/revisions"}],"predecessor-version":[{"id":1336,"href":"https:\/\/www.humboldt-ka.de\/index.php\/wp-json\/wp\/v2\/pages\/2\/revisions\/1336"}],"wp:attachment":[{"href":"https:\/\/www.humboldt-ka.de\/index.php\/wp-json\/wp\/v2\/media?parent=2"}],"curies":[{"name":"wp","href":"https:\/\/api.w.org\/{rel}","templated":true}]}}