{"id":211,"date":"2025-05-04T14:59:47","date_gmt":"2025-05-04T12:59:47","guid":{"rendered":"https:\/\/www.humboldt-ka.de\/index.php\/?page_id=211"},"modified":"2026-02-02T23:24:20","modified_gmt":"2026-02-02T22:24:20","slug":"konfliktmanagement","status":"publish","type":"page","link":"https:\/\/www.humboldt-ka.de\/index.php\/schulgemeinschaft\/konfliktmanagement\/","title":{"rendered":"Konfliktmanagement"},"content":{"rendered":"\n<h2 class=\"wp-block-heading\">Streitschlichtung am HGK<\/h2>\n\n\n\n<p>Liebe Sch\u00fcler*innen und Eltern,<\/p>\n\n\n\n<figure data-wp-context=\"{&quot;imageId&quot;:&quot;6a01ce02701b0&quot;}\" data-wp-interactive=\"core\/image\" data-wp-key=\"6a01ce02701b0\" class=\"wp-block-image alignright size-large is-resized wp-lightbox-container\"><img loading=\"lazy\" decoding=\"async\" width=\"715\" height=\"1024\" data-wp-class--hide=\"state.isContentHidden\" data-wp-class--show=\"state.isContentVisible\" data-wp-init=\"callbacks.setButtonStyles\" data-wp-on--click=\"actions.showLightbox\" data-wp-on--load=\"callbacks.setButtonStyles\" data-wp-on-window--resize=\"callbacks.setButtonStyles\" src=\"https:\/\/www.humboldt-ka.de\/wp-content\/uploads\/2026\/01\/HGK_Streitschlichter_Comic-715x1024.png\" alt=\"Comic der HGK-Streitschlichter \u00fcber ihre Arbeit\" class=\"wp-image-717\" style=\"width:322px;height:auto\" srcset=\"https:\/\/www.humboldt-ka.de\/wp-content\/uploads\/2026\/01\/HGK_Streitschlichter_Comic-715x1024.png 715w, https:\/\/www.humboldt-ka.de\/wp-content\/uploads\/2026\/01\/HGK_Streitschlichter_Comic-209x300.png 209w, https:\/\/www.humboldt-ka.de\/wp-content\/uploads\/2026\/01\/HGK_Streitschlichter_Comic-768x1100.png 768w, https:\/\/www.humboldt-ka.de\/wp-content\/uploads\/2026\/01\/HGK_Streitschlichter_Comic-1072x1536.png 1072w, https:\/\/www.humboldt-ka.de\/wp-content\/uploads\/2026\/01\/HGK_Streitschlichter_Comic-1430x2048.png 1430w, https:\/\/www.humboldt-ka.de\/wp-content\/uploads\/2026\/01\/HGK_Streitschlichter_Comic-scaled.png 1787w\" sizes=\"auto, (max-width: 715px) 100vw, 715px\" \/><button\n\t\t\tclass=\"lightbox-trigger\"\n\t\t\ttype=\"button\"\n\t\t\taria-haspopup=\"dialog\"\n\t\t\taria-label=\"Vergr\u00f6\u00dfern\"\n\t\t\tdata-wp-init=\"callbacks.initTriggerButton\"\n\t\t\tdata-wp-on--click=\"actions.showLightbox\"\n\t\t\tdata-wp-style--right=\"state.imageButtonRight\"\n\t\t\tdata-wp-style--top=\"state.imageButtonTop\"\n\t\t>\n\t\t\t<svg xmlns=\"http:\/\/www.w3.org\/2000\/svg\" width=\"12\" height=\"12\" fill=\"none\" viewBox=\"0 0 12 12\">\n\t\t\t\t<path fill=\"#fff\" d=\"M2 0a2 2 0 0 0-2 2v2h1.5V2a.5.5 0 0 1 .5-.5h2V0H2Zm2 10.5H2a.5.5 0 0 1-.5-.5V8H0v2a2 2 0 0 0 2 2h2v-1.5ZM8 12v-1.5h2a.5.5 0 0 0 .5-.5V8H12v2a2 2 0 0 1-2 2H8Zm2-12a2 2 0 0 1 2 2v2h-1.5V2a.5.5 0 0 0-.5-.5H8V0h2Z\" \/>\n\t\t\t<\/svg>\n\t\t<\/button><figcaption class=\"wp-element-caption\">So arbeitet unser Streitschlichtungsteam<\/figcaption><\/figure>\n\n\n\n<p>wir sind die Streitschlichter am HGK und wollen uns Ihnen und Euch gerne vorstellen:<\/p>\n\n\n\n<p>Wir sind Sch\u00fcler*innen der 8.Klasse bis zur K2, denen es wichtig ist, das Gemeinschaftsgef\u00fchl in der Schule zu st\u00e4rken. Dabei werden wir von Frau G\u00e9rard und Frau Passow unterst\u00fctzt.<br>Als Streitschlichter ist es unsere Aufgabe, Sch\u00fcler*innen zu helfen, wenn sie Probleme untereinander haben. Wir stellen eine Verbindung zwischen den zwei Parteien her und versuchen sie auf eine gemeinsame Seite zu f\u00fchren. Dabei ist es wichtig, dass die Sch\u00fcler*innen von sich aus etwas zur L\u00f6sung des Konfliktes beitragen. Sie sind diejenigen, die das Gespr\u00e4ch f\u00fchren, und wir bleiben im Hintergrund, um sie zu leiten. Daher ist es auch wichtig, dass die Sch\u00fcler*innen freiwillig zu uns kommen. Die Gespr\u00e4che sind vertraulich. Was im Raum gesagt wird, bleibt im Raum.<br>Wir sind nicht nur Streitschlichter, sondern auch Vertrauenspersonen und k\u00f6nnen jeder Zeit angesprochen werden. Wir sind da zum Zuh\u00f6ren, Reden, Spielen und Unterst\u00fctzen. Vor allem fungieren wir auch als Paten in den Klassen 5 und 6, damit die Sch\u00fcler*innen von Anfang an Ansprechpersonen an der neuen Schule haben. Wir begleiten sie bei der Schulrallye und bei den Klassentagen. Auch bei Wandertagen und anderen Ausfl\u00fcgen sind wir auf Wunsch dabei.<\/p>\n\n\n\n<p>Damit ihr uns jeder Zeit findet, h\u00e4ngen wir in den Patenklassen unsere Steckbriefe und Stundenpl\u00e4ne auf. Au\u00dferdem sind immer mindestens zwei von uns in der ersten gro\u00dfen Pause beim Bauwagen neben den Fahrradst\u00e4ndern. Dort k\u00f6nnt ihr Spielger\u00e4te ausleihen und uns bei Konflikten direkt ansprechen.<\/p>\n\n\n\n<p><\/p>\n\n\n\n<p>Wir freuen uns auf euch!<br>Eure Streitschlichter<\/p>\n\n\n\n<h2 class=\"wp-block-heading\">Konfliktl\u00f6sung am HGK<\/h2>\n\n\n\n<p>Im Zusammensein von Menschen (zum Beispiel in der Familie, im Freundeskreis, am Arbeitsplatz) sind Meinungsverschiedenheiten, Spannungen und Konflikte unvermeidlich. Die Schule bildet diesbez\u00fcglich keine Ausnahme. Gerade die Schule ist jedoch ein Ort, an dem auch der angemessene Umgang mit Meinungsverschiedenheiten und Konflikten ge\u00fcbt werden sollte.<\/p>\n\n\n\n<h3 class=\"wp-block-heading\">L\u00f6sungswege bei Konflikten<\/h3>\n\n\n\n<p>Am Humboldt-Gymnasium ist es uns daher wichtig, dass \u00fcber entstandene Probleme zun\u00e4chst erst einmal zwischen den Betroffenen selbst gesprochen und von ihnen eine gemeinsame L\u00f6sung gesucht wird. Ziel ist es, einander zuzuh\u00f6ren, die andere Perspektive kennen zu lernen und zu einer f\u00fcr beide Seiten zufriedenstellenden L\u00f6sung zu gelangen. Konkret hei\u00dft das:<\/p>\n\n\n\n<ul class=\"wp-block-list\">\n<li>Sch\u00fcler*innen  kl\u00e4ren Streitigkeiten untereinander, z.B. mit Hilfe des&nbsp;<strong>Streitschlichtermodells<\/strong>.<\/li>\n\n\n\n<li>Sch\u00fcler*innen bzw. die Klassensprecher*innen sprechen bei Problemen direkt die&nbsp;<strong>betroffene Lehrkraft<\/strong>&nbsp;an.<\/li>\n\n\n\n<li>Eltern suchen das direkte Gespr\u00e4ch mit der<strong>&nbsp;jeweiligen Lehrkraft<\/strong>.<\/li>\n<\/ul>\n\n\n\n<p>Sollte es dabei nicht zu einer Verst\u00e4ndigung kommen, sollte zun\u00e4chst&nbsp;<strong>das Klassenlehrerteam<\/strong>&nbsp;einbezogen werden. Sollte auch dies zu keiner einvernehmlichen L\u00f6sung f\u00fchren, k\u00f6nnen folgende Personen als Vermittler bzw. Moderatoren eingebunden werden:<\/p>\n\n\n\n<ul class=\"wp-block-list\">\n<li>Verbindungslehrer*in<\/li>\n\n\n\n<li><a href=\"https:\/\/humboldt-ka.de\/schulgemeinschaft\/beratungslehrer.html\">Beratungslehrer<\/a>*in<\/li>\n\n\n\n<li><a href=\"https:\/\/humboldt-ka.de\/schulgemeinschaft\/schulsozialarbeit.html\">Schulsozialarbeiter<\/a>*in<\/li>\n\n\n\n<li>Elternvertreter*in<\/li>\n<\/ul>\n\n\n\n<p>Wenn diese verschiedenen Versuche, den Konflikt zu l\u00f6sen, keinen Erfolg haben, muss die <strong>Schulleitung<\/strong>&nbsp;\u00fcber den Fall informiert und in die Konfliktl\u00f6sung eingebunden werden.<\/p>\n","protected":false},"excerpt":{"rendered":"<p>Streitschlichtung am HGK Liebe Sch\u00fcler*innen und Eltern, wir sind die Streitschlichter am HGK und wollen uns Ihnen und Euch gerne vorstellen: Wir sind Sch\u00fcler*innen der 8.Klasse bis zur K2, denen es wichtig ist, das Gemeinschaftsgef\u00fchl in der Schule zu st\u00e4rken. Dabei werden wir von Frau G\u00e9rard und Frau Passow unterst\u00fctzt.Als Streitschlichter ist es unsere Aufgabe, [&hellip;]<\/p>\n","protected":false},"author":1,"featured_media":0,"parent":174,"menu_order":0,"comment_status":"closed","ping_status":"closed","template":"","meta":{"footnotes":""},"class_list":["post-211","page","type-page","status-publish","hentry"],"_links":{"self":[{"href":"https:\/\/www.humboldt-ka.de\/index.php\/wp-json\/wp\/v2\/pages\/211","targetHints":{"allow":["GET"]}}],"collection":[{"href":"https:\/\/www.humboldt-ka.de\/index.php\/wp-json\/wp\/v2\/pages"}],"about":[{"href":"https:\/\/www.humboldt-ka.de\/index.php\/wp-json\/wp\/v2\/types\/page"}],"author":[{"embeddable":true,"href":"https:\/\/www.humboldt-ka.de\/index.php\/wp-json\/wp\/v2\/users\/1"}],"replies":[{"embeddable":true,"href":"https:\/\/www.humboldt-ka.de\/index.php\/wp-json\/wp\/v2\/comments?post=211"}],"version-history":[{"count":11,"href":"https:\/\/www.humboldt-ka.de\/index.php\/wp-json\/wp\/v2\/pages\/211\/revisions"}],"predecessor-version":[{"id":1117,"href":"https:\/\/www.humboldt-ka.de\/index.php\/wp-json\/wp\/v2\/pages\/211\/revisions\/1117"}],"up":[{"embeddable":true,"href":"https:\/\/www.humboldt-ka.de\/index.php\/wp-json\/wp\/v2\/pages\/174"}],"wp:attachment":[{"href":"https:\/\/www.humboldt-ka.de\/index.php\/wp-json\/wp\/v2\/media?parent=211"}],"curies":[{"name":"wp","href":"https:\/\/api.w.org\/{rel}","templated":true}]}}