{"id":253,"date":"2025-05-04T16:00:37","date_gmt":"2025-05-04T14:00:37","guid":{"rendered":"https:\/\/www.humboldt-ka.de\/index.php\/?page_id=253"},"modified":"2026-01-31T10:12:16","modified_gmt":"2026-01-31T09:12:16","slug":"anfahrt","status":"publish","type":"page","link":"https:\/\/www.humboldt-ka.de\/index.php\/kontakt\/anfahrt\/","title":{"rendered":"Anfahrt &#038; Schulwegplan"},"content":{"rendered":"\n<figure class=\"wp-block-image alignright size-medium\"><img loading=\"lazy\" decoding=\"async\" width=\"300\" height=\"198\" src=\"https:\/\/www.humboldt-ka.de\/wp-content\/uploads\/2026\/01\/labyrinth-1738043_1280-300x198.jpg\" alt=\"Symbolbild: Detailaufnahme des Holzspiels \u201eLabyrinth\u201c, bei dem eine rote Kugel entlang eines Pfades durch ein Labyrinth man\u00f6vriert werden muss, ohne in eines der zahlreichen L\u00f6cher zu fallen.\" class=\"wp-image-949\" srcset=\"https:\/\/www.humboldt-ka.de\/wp-content\/uploads\/2026\/01\/labyrinth-1738043_1280-300x198.jpg 300w, https:\/\/www.humboldt-ka.de\/wp-content\/uploads\/2026\/01\/labyrinth-1738043_1280-1024x674.jpg 1024w, https:\/\/www.humboldt-ka.de\/wp-content\/uploads\/2026\/01\/labyrinth-1738043_1280-768x506.jpg 768w, https:\/\/www.humboldt-ka.de\/wp-content\/uploads\/2026\/01\/labyrinth-1738043_1280.jpg 1280w\" sizes=\"auto, (max-width: 300px) 100vw, 300px\" \/><\/figure>\n\n\n\n<p>Das Humboldt-Gymnasium liegt in der Karlsruher Nordweststadt. Es ist gut mit Bus und Bahn oder auch mit dem Fahrrad zu erreichen.<\/p>\n\n\n\n<h2 class=\"wp-block-heading\">Adresse<\/h2>\n\n\n\n<p>Humboldt-Gymnasium Karlsruhe<br>Wilhelm-Hausenstein-Allee 22<br>76187 Karlsruhe<\/p>\n\n\n\n<p>GPS: <a href=\"https:\/\/osm.org\/go\/0DPvcBXE3N-?layers=H\" target=\"_blank\" rel=\"noreferrer noopener\">49.0333013, 8.3719347<\/a><\/p>\n\n\n\n<h3 class=\"wp-block-heading\">Sicherer Schulweg und Schulwegplan<\/h3>\n\n\n\n<p>Das folgende PDF gibt wichtige Hinweise zum sicheren Schulweg zu Fu\u00df, mit der Stra\u00dfenbahn, dem Bus und dem Fahrrad. Zus\u00e4tzlich finden Sie \/ findet Ihr hier zahlreiche kommentierte Karten der wichtigsten Anfahrtsrouten. Das Dokument kann ebenso in der Cloud von allen Mitgliedern der Schulgemeinschaft heruntergeladen werden.<\/p>\n\n\n\n<div class=\"wp-block-file\"><a id=\"wp-block-file--media-d98d013e-25f2-467a-b38d-ce8a6fae10bf\" href=\"https:\/\/www.humboldt-ka.de\/wp-content\/uploads\/2025\/05\/sicherer_schulweg_und_schulwegplan_hgk-komprimiert.pdf\">Sicherer Schulweg und Schulwegplan HGK<\/a><\/div>\n\n\n\n<h3 class=\"wp-block-heading\">\u00d6ffentliche Verkehrsmittel<\/h3>\n\n\n\n<p>Von der Stadt aus fahren Sie mit der <a href=\"https:\/\/www.kvv.de\/fahrplan\/fahrplanauskunft.html\" target=\"_blank\" rel=\"noreferrer noopener\">Stra\u00dfenbahnlinie<\/a>&nbsp;<strong>S1<\/strong>&nbsp;oder&nbsp;<strong>S11<\/strong>&nbsp;in Richtung Neureut, Linkenheim oder Hochstetten bis zur&nbsp;<strong>Haltestelle &#8222;Haus Bethlehem&#8220;<\/strong>. Gehen Sie die Treppen hoch, an den Fahrradst\u00e4ndern und der Plakats\u00e4ule vorbei und weiter geradeaus. Bei der Jakobuskirche biegt die Stra\u00dfe nach rechts ab, Sie folgen jedoch immer dem Fu\u00dfweg (Dauer ca. 2 Minuten).<br>Mit dem Bus 74 steigen Sie an der Haltestelle &#8222;Frankenthaler Stra\u00dfe&#8220; aus. Diese liegt direkt vor dem Lehrerparkplatz, hinter dem das Humboldt-Gymnasium liegt.<\/p>\n\n\n\n<h3 class=\"wp-block-heading\">Auto<\/h3>\n\n\n\n<p>Sie fahren von der A5 an der Ausfahrt KA-Mitte ab. Dann folgen Sie der S\u00fcdtangente in Richtung Landau, von der Sie auf die B36 in Richtung Neureut abfahren. Nach ca. 2,2 km am Ortsausgang von Karlsruhe fahren Sie an der Ampel rechts in die Landauer Stra\u00dfe ab (am gro\u00dfen Autohaus ). Sie folgen derselben und biegen bei der zweiten Ampel nach links in die Wilhelm-Hausenstein-Allee ein. Nun kommen Sie zuerst an der Werner-von-Siemens-Schule vorbei. Dann kommt ein Zebrastreifen, vor dem rechts das Humboldt-Gymnasium liegt.<\/p>\n\n\n\n<p>Planen Sie Ihre Anfahrt bei&nbsp;<a href=\"https:\/\/openrouteservice.org\/directions?n1=49.033413&amp;n2=8.371536&amp;n3=18&amp;a=null,null,49.033413,8.371536&amp;b=0&amp;c=0&amp;k1=en-US&amp;k2=km\" target=\"_blank\" rel=\"noreferrer noopener\">OpenRouteService (\u00f6ffnet in einem neuen Fenster)<\/a><\/p>\n\n\n<p><div class=\"leaflet-map WPLeafletMap\" style=\"height:250px; width:100%;\"><\/div><script>\nwindow.WPLeafletMapPlugin = window.WPLeafletMapPlugin || [];\nwindow.WPLeafletMapPlugin.push(function WPLeafletMapShortcode() {\/*<script>*\/\nvar baseUrl = atob('aHR0cHM6Ly90aWxlLm9wZW5zdHJlZXRtYXAub3JnL3t6fS97eH0ve3l9LnBuZw==');\nvar base = (!baseUrl && window.MQ) ?\n    window.MQ.mapLayer() : L.tileLayer(baseUrl,\n        L.Util.extend({}, {\n            detectRetina: 0,\n        },\n        {\"subdomains\":\"abc\",\"noWrap\":false,\"maxZoom\":19}        )\n    );\n    var options = L.Util.extend({}, {\n        layers: [base],\n        attributionControl: false\n    },\n    {\"zoomControl\":false,\"scrollWheelZoom\":false,\"doubleClickZoom\":false,\"fitBounds\":false,\"minZoom\":0,\"maxZoom\":19,\"maxBounds\":null,\"attribution\":\"<a href=\\\"http:\\\/\\\/leafletjs.com\\\" title=\\\"Eine Javascript-Bibliothek f\\u00fcr interaktive Karten\\\">Leaflet<\\\/a>; \\u00a9 <a href=\\\"http:\\\/\\\/www.openstreetmap.org\\\/copyright\\\">OpenStreetMap<\\\/a> Mitwirkende\"},\n    {});\nwindow.WPLeafletMapPlugin.createMap(options).setView([49.033703955473,8.3741424844425],16);});<\/script><br \/>\n<script>\nwindow.WPLeafletMapPlugin = window.WPLeafletMapPlugin || [];\nwindow.WPLeafletMapPlugin.push(function WPLeafletMarkerShortcode() {\/*<script>*\/\nvar map = window.WPLeafletMapPlugin.getCurrentMap();\nvar group = window.WPLeafletMapPlugin.getCurrentGroup();\nvar marker_options = window.WPLeafletMapPlugin.getIconOptions({});\nvar marker = L.marker(\n    [49.033704000229,8.3718162426497],\n    marker_options\n);\nvar is_image = map.is_image_map;\nif (marker_options.draggable) {\n    marker.on('dragend', function () {\n        var latlng = this.getLatLng();\n        var lat = latlng.lat;\n        var lng = latlng.lng;\n        if (is_image) {\n            console.log('leaflet-marker y=' + lat + ' x=' + lng);\n        } else {\n            console.log('leaflet-marker lat=' + lat + ' lng=' + lng);\n        }\n    });\n}\nmarker.addTo( group );\nwindow.WPLeafletMapPlugin.markers.push( marker );\n        });<\/script><\/p>\n\n\n\n<p><\/p>\n","protected":false},"excerpt":{"rendered":"<p>Das Humboldt-Gymnasium liegt in der Karlsruher Nordweststadt. Es ist gut mit Bus und Bahn oder auch mit dem Fahrrad zu erreichen. Adresse Humboldt-Gymnasium KarlsruheWilhelm-Hausenstein-Allee 2276187 Karlsruhe GPS: 49.0333013, 8.3719347 Sicherer Schulweg und Schulwegplan Das folgende PDF gibt wichtige Hinweise zum sicheren Schulweg zu Fu\u00df, mit der Stra\u00dfenbahn, dem Bus und dem Fahrrad. Zus\u00e4tzlich finden Sie [&hellip;]<\/p>\n","protected":false},"author":1,"featured_media":0,"parent":251,"menu_order":0,"comment_status":"closed","ping_status":"closed","template":"","meta":{"footnotes":""},"class_list":["post-253","page","type-page","status-publish","hentry"],"_links":{"self":[{"href":"https:\/\/www.humboldt-ka.de\/index.php\/wp-json\/wp\/v2\/pages\/253","targetHints":{"allow":["GET"]}}],"collection":[{"href":"https:\/\/www.humboldt-ka.de\/index.php\/wp-json\/wp\/v2\/pages"}],"about":[{"href":"https:\/\/www.humboldt-ka.de\/index.php\/wp-json\/wp\/v2\/types\/page"}],"author":[{"embeddable":true,"href":"https:\/\/www.humboldt-ka.de\/index.php\/wp-json\/wp\/v2\/users\/1"}],"replies":[{"embeddable":true,"href":"https:\/\/www.humboldt-ka.de\/index.php\/wp-json\/wp\/v2\/comments?post=253"}],"version-history":[{"count":14,"href":"https:\/\/www.humboldt-ka.de\/index.php\/wp-json\/wp\/v2\/pages\/253\/revisions"}],"predecessor-version":[{"id":985,"href":"https:\/\/www.humboldt-ka.de\/index.php\/wp-json\/wp\/v2\/pages\/253\/revisions\/985"}],"up":[{"embeddable":true,"href":"https:\/\/www.humboldt-ka.de\/index.php\/wp-json\/wp\/v2\/pages\/251"}],"wp:attachment":[{"href":"https:\/\/www.humboldt-ka.de\/index.php\/wp-json\/wp\/v2\/media?parent=253"}],"curies":[{"name":"wp","href":"https:\/\/api.w.org\/{rel}","templated":true}]}}