{"id":264,"date":"2025-05-04T16:07:30","date_gmt":"2025-05-04T14:07:30","guid":{"rendered":"https:\/\/www.humboldt-ka.de\/index.php\/?page_id=264"},"modified":"2026-03-19T14:18:21","modified_gmt":"2026-03-19T13:18:21","slug":"sekretariat","status":"publish","type":"page","link":"https:\/\/www.humboldt-ka.de\/index.php\/schulgemeinschaft\/sekretariat\/","title":{"rendered":"Sekretariat"},"content":{"rendered":"\n<p>In unserem <strong>Sekretariat<\/strong> arbeiten <strong>Frau Bergmann<\/strong> und <strong>Frau Maile<\/strong>. Sie stehen Ihnen bei all Ihren Anliegen kompetent, zuverl\u00e4ssig und freundlich zur Seite.<\/p>\n\n\n\n<div class=\"wp-block-media-text is-stacked-on-mobile\" style=\"grid-template-columns:39% auto\"><figure class=\"wp-block-media-text__media\"><img loading=\"lazy\" decoding=\"async\" width=\"646\" height=\"852\" src=\"https:\/\/www.humboldt-ka.de\/wp-content\/uploads\/2026\/01\/Sekretariat.jpg\" alt=\"Foto der beiden Sekret\u00e4rinnen, Frau Bergmann (links) und Frau Maile, die l\u00e4chelnd hinter einem Pinguin-Modell auf dem Tresen vor ihnen stehen.\" class=\"wp-image-937 size-full\" srcset=\"https:\/\/www.humboldt-ka.de\/wp-content\/uploads\/2026\/01\/Sekretariat.jpg 646w, https:\/\/www.humboldt-ka.de\/wp-content\/uploads\/2026\/01\/Sekretariat-227x300.jpg 227w\" sizes=\"auto, (max-width: 646px) 100vw, 646px\" \/><\/figure><div class=\"wp-block-media-text__content\">\n<p>Sie erreichen sie per Telefon unter der Nummer<\/p>\n\n\n\n<p><a href=\"tel:+49%20(0)721%20133-4524\">+49 (0)721 133-4524<\/a><\/p>\n\n\n\n<p>oder per E-Mail an&nbsp;<\/p>\n\n\n\n<p><a href=\"mailto:poststelle@humboldt-gymnasium-ka.schule.bwl.de\">poststelle@humboldt-gymnasium-ka.schule.bwl.de<\/a><\/p>\n\n\n\n<p>Pers\u00f6nlich sind sie w\u00e4hrend der \u00d6ffnungszeiten anzutreffen. Individuelle Terminabsprachen au\u00dferhalb der \u00d6ffnungszeiten sind nach telefonischer R\u00fccksprache m\u00f6glich.&nbsp;<\/p>\n\n\n\n<figure class=\"wp-block-table is-style-stripes\"><table><thead><tr><th class=\"has-text-align-left\" data-align=\"left\">\u00d6ffnungszeiten<\/th><th class=\"has-text-align-left\" data-align=\"left\"><\/th><\/tr><\/thead><tbody><tr><td class=\"has-text-align-left\" data-align=\"left\">montags<\/td><td class=\"has-text-align-left\" data-align=\"left\">8:30 &#8211; 10:00 Uhr und 11:30 Uhr &#8211; 13:30 Uhr<\/td><\/tr><tr><td class=\"has-text-align-left\" data-align=\"left\">dienstags<\/td><td class=\"has-text-align-left\" data-align=\"left\">8:30 &#8211; 10:00 Uhr und 11:30 Uhr &#8211; 13:30 Uhr<\/td><\/tr><tr><td class=\"has-text-align-left\" data-align=\"left\">mittwochs<\/td><td class=\"has-text-align-left\" data-align=\"left\">8:30 &#8211; 10:00 Uhr und 11:30 Uhr &#8211; 13:30 Uhr<\/td><\/tr><tr><td class=\"has-text-align-left\" data-align=\"left\">donnerstags<\/td><td class=\"has-text-align-left\" data-align=\"left\">8:30 &#8211; 10:00 Uhr und 11:30 Uhr &#8211; 13:30 Uhr<\/td><\/tr><tr><td class=\"has-text-align-left\" data-align=\"left\">freitags<\/td><td class=\"has-text-align-left\" data-align=\"left\">8:30 &#8211; 10:00 Uhr und 11:30 Uhr &#8211; 13:30 Uhr<\/td><\/tr><\/tbody><\/table><\/figure>\n\n\n\n<p>Ihr B\u00fcro, den&nbsp;Raum 218b, erreichen Sie, indem Sie im linken Treppenhaus in den ersten Stock gehen. Hinter dem gl\u00e4sernen Durchgang geradeaus nehmen Sie die zweite T\u00fcr auf der rechten Seite.&nbsp;<\/p>\n<\/div><\/div>\n\n\n\n<p><\/p>\n","protected":false},"excerpt":{"rendered":"<p>In unserem Sekretariat arbeiten Frau Bergmann und Frau Maile. Sie stehen Ihnen bei all Ihren Anliegen kompetent, zuverl\u00e4ssig und freundlich zur Seite. Sie erreichen sie per Telefon unter der Nummer +49 (0)721 133-4524 oder per E-Mail an&nbsp; poststelle@humboldt-gymnasium-ka.schule.bwl.de Pers\u00f6nlich sind sie w\u00e4hrend der \u00d6ffnungszeiten anzutreffen. Individuelle Terminabsprachen au\u00dferhalb der \u00d6ffnungszeiten sind nach telefonischer R\u00fccksprache m\u00f6glich.&nbsp; [&hellip;]<\/p>\n","protected":false},"author":1,"featured_media":0,"parent":174,"menu_order":0,"comment_status":"closed","ping_status":"closed","template":"","meta":{"footnotes":""},"class_list":["post-264","page","type-page","status-publish","hentry"],"_links":{"self":[{"href":"https:\/\/www.humboldt-ka.de\/index.php\/wp-json\/wp\/v2\/pages\/264","targetHints":{"allow":["GET"]}}],"collection":[{"href":"https:\/\/www.humboldt-ka.de\/index.php\/wp-json\/wp\/v2\/pages"}],"about":[{"href":"https:\/\/www.humboldt-ka.de\/index.php\/wp-json\/wp\/v2\/types\/page"}],"author":[{"embeddable":true,"href":"https:\/\/www.humboldt-ka.de\/index.php\/wp-json\/wp\/v2\/users\/1"}],"replies":[{"embeddable":true,"href":"https:\/\/www.humboldt-ka.de\/index.php\/wp-json\/wp\/v2\/comments?post=264"}],"version-history":[{"count":17,"href":"https:\/\/www.humboldt-ka.de\/index.php\/wp-json\/wp\/v2\/pages\/264\/revisions"}],"predecessor-version":[{"id":1935,"href":"https:\/\/www.humboldt-ka.de\/index.php\/wp-json\/wp\/v2\/pages\/264\/revisions\/1935"}],"up":[{"embeddable":true,"href":"https:\/\/www.humboldt-ka.de\/index.php\/wp-json\/wp\/v2\/pages\/174"}],"wp:attachment":[{"href":"https:\/\/www.humboldt-ka.de\/index.php\/wp-json\/wp\/v2\/media?parent=264"}],"curies":[{"name":"wp","href":"https:\/\/api.w.org\/{rel}","templated":true}]}}