{"id":71,"date":"2025-05-04T08:26:08","date_gmt":"2025-05-04T06:26:08","guid":{"rendered":"https:\/\/www.humboldt-ka.de\/?page_id=71"},"modified":"2026-01-31T10:25:05","modified_gmt":"2026-01-31T09:25:05","slug":"leitbild","status":"publish","type":"page","link":"https:\/\/www.humboldt-ka.de\/index.php\/unsere-schule\/leitbild\/","title":{"rendered":"Leitbild"},"content":{"rendered":"\n<details class=\"wp-block-details is-layout-flow wp-block-details-is-layout-flow\"><summary>Intro-Video<\/summary>\n<figure class=\"wp-block-video\"><video height=\"360\" style=\"aspect-ratio: 640 \/ 360;\" width=\"640\" controls poster=\"https:\/\/www.humboldt-ka.de\/wp-content\/uploads\/2026\/01\/Balken_miteinander_engagiert_lernen.png\" src=\"https:\/\/www.humboldt-ka.de\/wp-content\/uploads\/2026\/01\/HGK-Miteinander-Engagiert-Lernen-Intro.mov\" playsinline><\/video><\/figure>\n<\/details>\n\n\n\n<p><\/p>\n\n\n\n<p><\/p>\n\n\n\n<h2 class=\"wp-block-heading\"><strong>MITEINANDER<\/strong><\/h2>\n\n\n\n<figure class=\"wp-block-image alignright size-medium is-resized\"><img loading=\"lazy\" decoding=\"async\" width=\"300\" height=\"225\" src=\"https:\/\/www.humboldt-ka.de\/wp-content\/uploads\/2026\/01\/team-386673_1920-300x225.jpg\" alt=\"Symbolbild: zahlreiche Jugendliche bilden mit ihren H\u00e4nden einen Kreis und zeigen auf die Mitte des Kreises, offenbar auf kr\u00e4ftig gr\u00fcnem Gras\" class=\"wp-image-758\" style=\"width:375px;height:auto\" srcset=\"https:\/\/www.humboldt-ka.de\/wp-content\/uploads\/2026\/01\/team-386673_1920-300x225.jpg 300w, https:\/\/www.humboldt-ka.de\/wp-content\/uploads\/2026\/01\/team-386673_1920-1024x768.jpg 1024w, https:\/\/www.humboldt-ka.de\/wp-content\/uploads\/2026\/01\/team-386673_1920-768x576.jpg 768w, https:\/\/www.humboldt-ka.de\/wp-content\/uploads\/2026\/01\/team-386673_1920-1536x1152.jpg 1536w, https:\/\/www.humboldt-ka.de\/wp-content\/uploads\/2026\/01\/team-386673_1920.jpg 1920w\" sizes=\"auto, (max-width: 300px) 100vw, 300px\" \/><\/figure>\n\n\n\n<p>Wir legen besonderen Wert auf einen respektvollen und wertsch\u00e4tzenden Umgang aller am Schulleben Beteiligten. Daher ist auch das Miteinander<strong><\/strong>&nbsp;von behinderten und nicht behinderten Menschen (Inklusion) ein selbstverst\u00e4ndlicher Bestandteil unseres Schulalltags am Humboldt-Gymnasium.<\/p>\n\n\n\n<p>Wir achten daher auf<\/p>\n\n\n\n<ul class=\"wp-block-list\">\n<li>Gemeinschaftssinn innerhalb der Klassen<\/li>\n\n\n\n<li>Kollegialit\u00e4t unter den Lehrkr\u00e4ften<\/li>\n\n\n\n<li>gegenseitiges Vertrauensverh\u00e4ltnis zwischen Lehrkr\u00e4ften, Sch\u00fclerinnen, Sch\u00fclern und Elternschaft<\/li>\n\n\n\n<li>prinzipielle Bereitschaft zum Gespr\u00e4ch<\/li>\n\n\n\n<li>sorgsamen Umgang mit unserem Schulgeb\u00e4ude, seiner Einrichtung und den Unterrichtsmaterialien<\/li>\n<\/ul>\n\n\n\n<p>Wir engagieren uns bei<\/p>\n\n\n\n<ul class=\"wp-block-list\">\n<li>der Gestaltung der Schule als Lebensraum, in dem sich jeder wohl und erstgenommen f\u00fchlt<\/li>\n\n\n\n<li>den Festen f\u00fcr die Schulgemeinschaft sowie den kulturellen Angeboten unserer Schule<\/li>\n\n\n\n<li>den Angeboten von Sch\u00fcler\/innen f\u00fcr Sch\u00fcler\/innen (z.B. Streitschlichter, Patenschaften, Schulsanit\u00e4tsdienst)<\/li>\n\n\n\n<li>den Klassenlehrerteams in allen Jahrgangsstufen<\/li>\n<\/ul>\n\n\n\n<p><\/p>\n\n\n\n<p><\/p>\n\n\n\n<h2 class=\"wp-block-heading\"><strong>ENGAGIERT<\/strong><\/h2>\n\n\n\n<p>Wir legen besonderen Wert auf die Vermittlung sozialen und \u00f6kologischen Bewusstseins \u00fcber das eigene Umfeld hinaus.<\/p>\n\n\n\n<p>Wir richten daher unseren Blick auf<\/p>\n\n\n\n<ul class=\"wp-block-list\">\n<li>die Auseinandersetzung mit gesellschaftlichen Problemen<\/li>\n\n\n\n<li>Integration von Menschen mit Migrationshintergrund und anderen benachteiligten Gruppen<\/li>\n\n\n\n<li>Nachhaltigkeit beim Umgang mit Ressourcen<\/li>\n\n\n\n<li>faire Handelsbeziehungen zur Verminderung weltweiter Armut<\/li>\n<\/ul>\n\n\n\n<p>Wir setzen uns ein f\u00fcr<\/p>\n\n\n\n<ul class=\"wp-block-list\">\n<li>das aktive Engagement der Schulgemeinschaft zur Unterst\u00fctzung regionaler und \u00fcberregionaler Projekte im sozialen und \u00f6kologischen Bereich<\/li>\n\n\n\n<li>Bildung von Empathief\u00e4higkeit (z.B. Sozialpraktikum)<\/li>\n<\/ul>\n\n\n\n<p><\/p>\n\n\n\n<p><\/p>\n\n\n\n<h2 class=\"wp-block-heading\"><strong>LERNEN<\/strong><\/h2>\n\n\n\n<p>Wir legen besonderen Wert auf effektives, ganzheitliches, nachhaltiges und lebenslanges Lernen. Daher sind wir uns einig, dass wir uns neuen Herausforderungen aus Gesellschaft und Wissenschaft stellen. Wir betrachten Bildung als Selbstzweck des Menschen und ber\u00fccksichtigen hierbei St\u00e4rken und Schw\u00e4chen des Einzelnen.<\/p>\n\n\n\n<p>Wir f\u00f6rdern daher<\/p>\n\n\n\n<ul class=\"wp-block-list\">\n<li>das Aneignen von Lernstrategien, die selbst organisiertes und -verantwortetes Lernen und das L\u00f6sen komplexer Probleme unterst\u00fctzen<\/li>\n\n\n\n<li>ein fachlich fundiertes, themen- und projektorientiertes Bildungsangebot<\/li>\n\n\n\n<li>eine f\u00e4cher\u00fcbergreifende Abstimmung der Lehrkr\u00e4fte<\/li>\n<\/ul>\n\n\n\n<p>Wir wirken hin auf<\/p>\n\n\n\n<ul class=\"wp-block-list\">\n<li>eine angenehme Klassenatmosph\u00e4re, in der alle in Ruhe lernen und lehren k\u00f6nnen<\/li>\n\n\n\n<li>Vermittlung ganzheitlichen Lernens (z. B. durch Exkursionen, Klassenfahrten, periodisch stattfindende Projekttage)<\/li>\n\n\n\n<li>breit gef\u00e4cherte Vorbereitung auf Studium und Beruf<\/li>\n<\/ul>\n\n\n\n<p><\/p>\n","protected":false},"excerpt":{"rendered":"<p>MITEINANDER Wir legen besonderen Wert auf einen respektvollen und wertsch\u00e4tzenden Umgang aller am Schulleben Beteiligten. Daher ist auch das Miteinander&nbsp;von behinderten und nicht behinderten Menschen (Inklusion) ein selbstverst\u00e4ndlicher Bestandteil unseres Schulalltags am Humboldt-Gymnasium. Wir achten daher auf Wir engagieren uns bei ENGAGIERT Wir legen besonderen Wert auf die Vermittlung sozialen und \u00f6kologischen Bewusstseins \u00fcber das [&hellip;]<\/p>\n","protected":false},"author":1,"featured_media":0,"parent":73,"menu_order":0,"comment_status":"closed","ping_status":"closed","template":"","meta":{"footnotes":""},"class_list":["post-71","page","type-page","status-publish","hentry"],"_links":{"self":[{"href":"https:\/\/www.humboldt-ka.de\/index.php\/wp-json\/wp\/v2\/pages\/71","targetHints":{"allow":["GET"]}}],"collection":[{"href":"https:\/\/www.humboldt-ka.de\/index.php\/wp-json\/wp\/v2\/pages"}],"about":[{"href":"https:\/\/www.humboldt-ka.de\/index.php\/wp-json\/wp\/v2\/types\/page"}],"author":[{"embeddable":true,"href":"https:\/\/www.humboldt-ka.de\/index.php\/wp-json\/wp\/v2\/users\/1"}],"replies":[{"embeddable":true,"href":"https:\/\/www.humboldt-ka.de\/index.php\/wp-json\/wp\/v2\/comments?post=71"}],"version-history":[{"count":13,"href":"https:\/\/www.humboldt-ka.de\/index.php\/wp-json\/wp\/v2\/pages\/71\/revisions"}],"predecessor-version":[{"id":997,"href":"https:\/\/www.humboldt-ka.de\/index.php\/wp-json\/wp\/v2\/pages\/71\/revisions\/997"}],"up":[{"embeddable":true,"href":"https:\/\/www.humboldt-ka.de\/index.php\/wp-json\/wp\/v2\/pages\/73"}],"wp:attachment":[{"href":"https:\/\/www.humboldt-ka.de\/index.php\/wp-json\/wp\/v2\/media?parent=71"}],"curies":[{"name":"wp","href":"https:\/\/api.w.org\/{rel}","templated":true}]}}