{"id":964,"date":"2026-01-30T22:23:06","date_gmt":"2026-01-30T21:23:06","guid":{"rendered":"https:\/\/www.humboldt-ka.de\/index.php\/?page_id=964"},"modified":"2026-02-09T21:52:59","modified_gmt":"2026-02-09T20:52:59","slug":"fremdsprachen-am-hgk","status":"publish","type":"page","link":"https:\/\/www.humboldt-ka.de\/index.php\/unsere-schule\/profil\/fremdsprachen-am-hgk\/","title":{"rendered":"Fremdsprachen am HGK"},"content":{"rendered":"\n<figure class=\"wp-block-gallery alignright has-nested-images columns-default is-cropped wp-block-gallery-1 is-layout-flex wp-block-gallery-is-layout-flex\">\n<figure class=\"wp-block-image size-large is-resized\"><img loading=\"lazy\" decoding=\"async\" width=\"640\" height=\"640\" data-id=\"1240\" src=\"https:\/\/www.humboldt-ka.de\/wp-content\/uploads\/2026\/02\/svetlanabar-speech-5024301_640-1.png\" alt=\"\" class=\"wp-image-1240\" style=\"width:172px;height:auto\" srcset=\"https:\/\/www.humboldt-ka.de\/wp-content\/uploads\/2026\/02\/svetlanabar-speech-5024301_640-1.png 640w, https:\/\/www.humboldt-ka.de\/wp-content\/uploads\/2026\/02\/svetlanabar-speech-5024301_640-1-300x300.png 300w, https:\/\/www.humboldt-ka.de\/wp-content\/uploads\/2026\/02\/svetlanabar-speech-5024301_640-1-150x150.png 150w\" sizes=\"auto, (max-width: 640px) 100vw, 640px\" \/><\/figure>\n<\/figure>\n\n\n\n<p class=\"has-text-align-left\">Am Humboldt-Gymnasium legen wir gro\u00dfen Wert auf eine fundierte und lebensnahe Ausbildung in Fremdsprachen. Unser vielf\u00e4ltiges Sprachenangebot erm\u00f6glicht den Sch\u00fclerinnen und Sch\u00fclern, zahlreiche M\u00f6glichkeiten und bereitet sie bestm\u00f6glich auf eine internationale Zukunft vor.<\/p>\n\n\n\n<p><\/p>\n\n\n\n<p><strong><mark style=\"background-color:rgba(0, 0, 0, 0)\" class=\"has-inline-color has-contrast-color\">Welche Sprachen bieten wir an?<\/mark><\/strong><\/p>\n\n\n\n<p><em><u>Ab Klasse 5:<\/u><\/em> Englisch als erste Fremdsprache!<\/p>\n\n\n\n<p>Der Einstieg in die Welt der Fremdsprachen beginnt bei uns mit Englisch. Diese wichtige Weltsprache bildet die Grundlage f\u00fcr eine erfolgreiche internationale Kommunikation.<\/p>\n\n\n\n<p><\/p>\n\n\n\n<p><em><u>Ab Klasse 6<\/u><\/em><em>:<\/em> Franz\u00f6sisch oder Latein \u2013 Sch\u00fclerinnen und Sch\u00fcler haben die Wahl!<\/p>\n\n\n\n<p>In der 6. Klasse k\u00f6nnen unsere Sch\u00fclerinnen und Sch\u00fcler zwischen Franz\u00f6sisch und Latein als zweiter Fremdsprache w\u00e4hlen. Diese Entscheidung erm\u00f6glicht es, individuelle Interessen und St\u00e4rken zu ber\u00fccksichtigen.<\/p>\n\n\n\n\n\n<p><em><u>Ab Klasse 8:<\/u><\/em> Spanisch als dritte Fremdsprache \u2013 Das Sprachprofil!<\/p>\n\n\n\n<p>F\u00fcr besonders sprachbegeisterte Sch\u00fclerinnen und Sch\u00fcler besteht ab der 8. Klasse die M\u00f6glichkeit, Spanisch als dritte Fremdsprache zu erlernen.<\/p>\n\n\n\n<p>Alle Fremdsprachen werden bis inklusive Klasse 11 als Hauptf\u00e4cher unterrichtet und k\u00f6nnen als Basis- und\/oder Leistungsfach in der Regel bis zum Abitur fortgef\u00fchrt werden.<\/p>\n\n\n\n<p><strong>Wie machen wir Fremdsprachen erfahrbar?<\/strong><\/p>\n\n\n\n<p>Um die Sprachen wirklich erfahrbar zu machen, bieten wir regelm\u00e4\u00dfige <a href=\"https:\/\/www.humboldt-ka.de\/index.php\/unsere-schule\/profil\/schueleraustausch\/\" data-type=\"page\" data-id=\"154\">Austausche<\/a> mit verschiedenen Schulen an. Beispielsweise k\u00f6nnen Austausche mit Schulen in Frankreich, in den Niederlanden, in Spanien und England stattfinden. Auch Sprachreisen wurden bereits durchgef\u00fchrt. Diese Programme erm\u00f6glichen es den Sch\u00fclerinnen und Sch\u00fclern, ihre Sprachkenntnisse in authentischen Situationen anzuwenden, neue Freundschaften zu kn\u00fcpfen und fremde Kulturen hautnah zu erleben. Dar\u00fcber hinaus informieren wir auch \u00fcber Individualaustausche f\u00fcr diejenigen, die noch intensiver in eine Sprache und Kultur eintauchen m\u00f6chten.<\/p>\n\n\n\n<p>Zudem hatten wir in den letzten Jahren das gro\u00dfe Gl\u00fcck in jedem Schuljahr eine Fremdsprachenassistentin oder einen Fremdsprachenassistenten am Humboldt-Gymnasium begr\u00fc\u00dfen zu d\u00fcrfen. Meist handelt es sich hierbei um Studentinnen und Studenten, die \u00fcber den Deutschen Akademischen Austauschdienst (DAAD) ein Stipendium erhalten haben, um ihre eigenen Sprachkenntnisse des Deutschen zu optimieren. Parallel dazu stehen sie mit ihrer Muttersprache unserer Schule f\u00fcr zw\u00f6lf Wochenstunden zur Verf\u00fcgung. Sie unterst\u00fctzen die Lehrkr\u00e4fte im Unterricht und bereichern diesen mit authentischer Sprachpraxis. So erm\u00f6glichen sie einen lebedingen Zugang zur jeweiligen Zielsprache. Unsere bisherigen Assistentinnen und Assistenten kamen aus England, Irland, Frankreich oder Spanien.<\/p>\n\n\n\n<p><\/p>\n\n\n\n<p><strong>K\u00f6nnen besondere Sprachzertifikate erworben werden?<\/strong><\/p>\n\n\n\n<div class=\"wp-block-group is-nowrap is-layout-flex wp-container-core-group-is-layout-f66f9956 wp-block-group-is-layout-flex\">\n<p>Die Sch\u00fclerinnen und Sch\u00fcler der 11. Klasse haben am Humboldt-Gymnasium die M\u00f6glichkeit, in Franz\u00f6sisch das Sprachdiplom DELF scolaire B1 und in Englisch das Cambridge Certificate zu erwerben. Diese international anerkannten Sprachzertifikate sind nicht nur ein wertvoller Nachweis der Sprachkenntnisse, sondern auch eine hervorragende Vorbereitung auf das sp\u00e4tere Berufsleben oder ein Studium im Ausland.<\/p>\n\n\n\n<div class=\"wp-block-columns is-layout-flex wp-container-core-columns-is-layout-28f84493 wp-block-columns-is-layout-flex\">\n<div class=\"wp-block-column is-layout-flow wp-block-column-is-layout-flow\" style=\"flex-basis:100%\">\n<figure class=\"wp-block-image alignright size-full\"><img loading=\"lazy\" decoding=\"async\" width=\"442\" height=\"162\" src=\"https:\/\/www.humboldt-ka.de\/wp-content\/uploads\/2026\/02\/Camebridge-7.png\" alt=\"\" class=\"wp-image-1402\" srcset=\"https:\/\/www.humboldt-ka.de\/wp-content\/uploads\/2026\/02\/Camebridge-7.png 442w, https:\/\/www.humboldt-ka.de\/wp-content\/uploads\/2026\/02\/Camebridge-7-300x110.png 300w\" sizes=\"auto, (max-width: 442px) 100vw, 442px\" \/><\/figure>\n\n\n\n<figure class=\"wp-block-image alignright size-full is-resized\"><img loading=\"lazy\" decoding=\"async\" width=\"278\" height=\"182\" src=\"https:\/\/www.humboldt-ka.de\/wp-content\/uploads\/2026\/02\/DELF-8.png\" alt=\"\" class=\"wp-image-1401\" style=\"width:245px;height:auto\"\/><\/figure>\n<\/div>\n<\/div>\n<\/div>\n\n\n\n<p><\/p>\n","protected":false},"excerpt":{"rendered":"<p>Am Humboldt-Gymnasium legen wir gro\u00dfen Wert auf eine fundierte und lebensnahe Ausbildung in Fremdsprachen. Unser vielf\u00e4ltiges Sprachenangebot erm\u00f6glicht den Sch\u00fclerinnen und Sch\u00fclern, zahlreiche M\u00f6glichkeiten und bereitet sie bestm\u00f6glich auf eine internationale Zukunft vor. Welche Sprachen bieten wir an? Ab Klasse 5: Englisch als erste Fremdsprache! Der Einstieg in die Welt der Fremdsprachen beginnt bei uns [&hellip;]<\/p>\n","protected":false},"author":7,"featured_media":0,"parent":104,"menu_order":0,"comment_status":"closed","ping_status":"closed","template":"","meta":{"footnotes":""},"class_list":["post-964","page","type-page","status-publish","hentry"],"_links":{"self":[{"href":"https:\/\/www.humboldt-ka.de\/index.php\/wp-json\/wp\/v2\/pages\/964","targetHints":{"allow":["GET"]}}],"collection":[{"href":"https:\/\/www.humboldt-ka.de\/index.php\/wp-json\/wp\/v2\/pages"}],"about":[{"href":"https:\/\/www.humboldt-ka.de\/index.php\/wp-json\/wp\/v2\/types\/page"}],"author":[{"embeddable":true,"href":"https:\/\/www.humboldt-ka.de\/index.php\/wp-json\/wp\/v2\/users\/7"}],"replies":[{"embeddable":true,"href":"https:\/\/www.humboldt-ka.de\/index.php\/wp-json\/wp\/v2\/comments?post=964"}],"version-history":[{"count":31,"href":"https:\/\/www.humboldt-ka.de\/index.php\/wp-json\/wp\/v2\/pages\/964\/revisions"}],"predecessor-version":[{"id":1407,"href":"https:\/\/www.humboldt-ka.de\/index.php\/wp-json\/wp\/v2\/pages\/964\/revisions\/1407"}],"up":[{"embeddable":true,"href":"https:\/\/www.humboldt-ka.de\/index.php\/wp-json\/wp\/v2\/pages\/104"}],"wp:attachment":[{"href":"https:\/\/www.humboldt-ka.de\/index.php\/wp-json\/wp\/v2\/media?parent=964"}],"curies":[{"name":"wp","href":"https:\/\/api.w.org\/{rel}","templated":true}]}}