{"id":966,"date":"2026-01-30T22:25:26","date_gmt":"2026-01-30T21:25:26","guid":{"rendered":"https:\/\/www.humboldt-ka.de\/index.php\/?page_id=966"},"modified":"2026-02-08T20:05:42","modified_gmt":"2026-02-08T19:05:42","slug":"gesellschaftswissenschaften","status":"publish","type":"page","link":"https:\/\/www.humboldt-ka.de\/index.php\/unsere-schule\/profil\/gesellschaftswissenschaften\/","title":{"rendered":"Gesellschaftswissenschaften"},"content":{"rendered":"\n<div class=\"wp-block-group has-global-padding is-content-justification-left is-layout-constrained wp-container-core-group-is-layout-12dd3699 wp-block-group-is-layout-constrained\">\n<figure class=\"wp-block-gallery has-nested-images columns-default is-cropped wp-block-gallery-1 is-layout-flex wp-block-gallery-is-layout-flex\">\n<figure class=\"wp-block-image size-large is-style-default\"><img loading=\"lazy\" decoding=\"async\" width=\"768\" height=\"1024\" data-id=\"1272\" src=\"https:\/\/www.humboldt-ka.de\/wp-content\/uploads\/2026\/02\/Demokratietag_Strasbourg_2-2-768x1024.jpg\" alt=\"\" class=\"wp-image-1272\" srcset=\"https:\/\/www.humboldt-ka.de\/wp-content\/uploads\/2026\/02\/Demokratietag_Strasbourg_2-2-768x1024.jpg 768w, https:\/\/www.humboldt-ka.de\/wp-content\/uploads\/2026\/02\/Demokratietag_Strasbourg_2-2-225x300.jpg 225w, https:\/\/www.humboldt-ka.de\/wp-content\/uploads\/2026\/02\/Demokratietag_Strasbourg_2-2-1152x1536.jpg 1152w, https:\/\/www.humboldt-ka.de\/wp-content\/uploads\/2026\/02\/Demokratietag_Strasbourg_2-2-1536x2048.jpg 1536w, https:\/\/www.humboldt-ka.de\/wp-content\/uploads\/2026\/02\/Demokratietag_Strasbourg_2-2-scaled.jpg 1920w\" sizes=\"auto, (max-width: 768px) 100vw, 768px\" \/><figcaption class=\"wp-element-caption\">Demkratietag &#8211; Besuch im Europ\u00e4ischen Parlament (Klasse 11)<\/figcaption><\/figure>\n\n\n\n<figure class=\"wp-block-image size-large\"><img loading=\"lazy\" decoding=\"async\" width=\"1024\" height=\"768\" data-id=\"1273\" src=\"https:\/\/www.humboldt-ka.de\/wp-content\/uploads\/2026\/02\/Bild-Webtalk-2-1024x768.jpg\" alt=\"\" class=\"wp-image-1273\" srcset=\"https:\/\/www.humboldt-ka.de\/wp-content\/uploads\/2026\/02\/Bild-Webtalk-2-1024x768.jpg 1024w, https:\/\/www.humboldt-ka.de\/wp-content\/uploads\/2026\/02\/Bild-Webtalk-2-300x225.jpg 300w, https:\/\/www.humboldt-ka.de\/wp-content\/uploads\/2026\/02\/Bild-Webtalk-2-768x576.jpg 768w, https:\/\/www.humboldt-ka.de\/wp-content\/uploads\/2026\/02\/Bild-Webtalk-2-1536x1152.jpg 1536w, https:\/\/www.humboldt-ka.de\/wp-content\/uploads\/2026\/02\/Bild-Webtalk-2-2048x1536.jpg 2048w\" sizes=\"auto, (max-width: 1024px) 100vw, 1024px\" \/><figcaption class=\"wp-element-caption\">Webtalk<\/figcaption><\/figure>\n\n\n\n<figure class=\"wp-block-image size-large\"><img loading=\"lazy\" decoding=\"async\" width=\"596\" height=\"1024\" data-id=\"1271\" src=\"https:\/\/www.humboldt-ka.de\/wp-content\/uploads\/2026\/02\/Bildschirmfoto-2026-02-08-um-19.08.07-2-596x1024.png\" alt=\"\" class=\"wp-image-1271\" srcset=\"https:\/\/www.humboldt-ka.de\/wp-content\/uploads\/2026\/02\/Bildschirmfoto-2026-02-08-um-19.08.07-2-596x1024.png 596w, https:\/\/www.humboldt-ka.de\/wp-content\/uploads\/2026\/02\/Bildschirmfoto-2026-02-08-um-19.08.07-2-175x300.png 175w, https:\/\/www.humboldt-ka.de\/wp-content\/uploads\/2026\/02\/Bildschirmfoto-2026-02-08-um-19.08.07-2.png 688w\" sizes=\"auto, (max-width: 596px) 100vw, 596px\" \/><figcaption class=\"wp-element-caption\">Juniorwahl &#8211; Bundestagswahl 2025<\/figcaption><\/figure>\n<\/figure>\n\n\n\n<h2 data-wp-context---core-fit-text=\"core\/fit-text::{&quot;fontSize&quot;:&quot;&quot;}\" data-wp-init---core-fit-text=\"core\/fit-text::callbacks.init\" data-wp-interactive data-wp-style--font-size=\"core\/fit-text::context.fontSize\" class=\"wp-block-heading has-fit-text\">Demokratie verstehen &#8211; Zukunft gestalten!<\/h2>\n<\/div>\n\n\n\n<div class=\"wp-block-columns is-layout-flex wp-container-core-columns-is-layout-28f84493 wp-block-columns-is-layout-flex\">\n<div class=\"wp-block-column is-layout-flow wp-block-column-is-layout-flow\">\n<div class=\"wp-block-columns is-layout-flex wp-container-core-columns-is-layout-28f84493 wp-block-columns-is-layout-flex\">\n<div class=\"wp-block-column is-layout-flow wp-block-column-is-layout-flow\" style=\"flex-basis:100%\">\n<div class=\"wp-block-columns is-layout-flex wp-container-core-columns-is-layout-28f84493 wp-block-columns-is-layout-flex\">\n<div class=\"wp-block-column is-layout-flow wp-block-column-is-layout-flow\" style=\"flex-basis:100%\">\n<p>Am Humboldt-Gymnasium spielen die Gesellschaftswissenschaften eine zentrale Rolle in der Bildung und Pers\u00f6nlichkeitsentwicklung unserer Sch\u00fclerinnen und Sch\u00fcler. Zu den Gesellschaftswissenschaften z\u00e4hlen die F\u00e4cher Geschichte, Gemeinschaftskunde, Wirtschaft und Berufsorientierung (WBS), Geographie, Religion und Ethik.<\/p>\n<\/div>\n<\/div>\n<\/div>\n<\/div>\n<\/div>\n<\/div>\n\n\n\n<p>Sie beginnen zum Teil in Klasse 5 und werden alle in Klasse 11 unterrichtet.<\/p>\n\n\n\n<p>In der Kursstufe, die das Abitur vorbereitet, sind alle Gesellschaftswissenschaften \u2013 bis auf WBS\/Wirtschaft \u2013 belegpflichtig. WBS\/Wirtschaft kann als Wahlfach auch in der Kursstufe weitergef\u00fchrt werden.<\/p>\n\n\n\n<p><strong>Demokratiebildung als gemeinsames Ziel<\/strong><\/p>\n\n\n\n<p>Alle F\u00e4cher an unserem Gymnasium tragen zur Demokratiebildung bei. Die Gesellschaftswissenschaften nehmen dabei jedoch eine besondere Rolle ein: Sie vermitteln neben theoretischem Wissen \u00fcber demokratische Strukturen und gesellschaftliche Zusammenh\u00e4nge auch gesellschaftliche Werte und Normen. Dies geschieht vor dem Hintergrund des Beutelsbacher Konsenses. Ein Ziel des Konsenses ist es, die Sch\u00fclerinnen und Sch\u00fcler in die Lage zu versetzen, sich eigenst\u00e4ndig ihre Meinung zu bilden und dabei auch verschiedene Perspektiven zu ber\u00fccksichtigen.<\/p>\n\n\n\n<p>Um die Werte unserer demokratischen Gesellschaft lebendig zu vermitteln, bieten wir eine Vielzahl von Aktivit\u00e4ten und Projekten an. Hier eine kleine Auswahl:<\/p>\n\n\n\n<ul class=\"wp-block-list\">\n<li>Lesungen und Gespr\u00e4che mit Zeitzeugen<\/li>\n\n\n\n<li>Besuche von Gedenkst\u00e4tten wie dem KZ Natzweiler-Struthof<\/li>\n\n\n\n<li>\u00d6kumenische Schulgottesdienste<\/li>\n\n\n\n<li>Juniorwahlen zur Europawahl, zur Bundestagswahl und zur Landtagswahl in Baden-W\u00fcrttemberg<\/li>\n\n\n\n<li>Demokratieprojekttage: Workshops z. B. &#8222;Debattenmeister der Demokratie&#8220; (Klasse 10), Exkursionen nach Stra\u00dfburg \u2013 wenn m\u00f6glich \u2013 verbunden mit einem Besuch des Europ\u00e4ischen Parlaments (Klasse 11)<\/li>\n\n\n\n<li>Exkursionen ins Amtsgericht oder ins Bundesverfassungsgericht<\/li>\n<\/ul>\n\n\n\n<p>Folglich vermitteln die Gesellschaftswissenschaften an unserem Gymnasium nicht nur Fachwissen, sondern f\u00f6rdern kritisches Denken, Urteilsf\u00e4higkeit und demokratisches Engagement.<\/p>\n","protected":false},"excerpt":{"rendered":"<p>Demokratie verstehen &#8211; Zukunft gestalten! Am Humboldt-Gymnasium spielen die Gesellschaftswissenschaften eine zentrale Rolle in der Bildung und Pers\u00f6nlichkeitsentwicklung unserer Sch\u00fclerinnen und Sch\u00fcler. Zu den Gesellschaftswissenschaften z\u00e4hlen die F\u00e4cher Geschichte, Gemeinschaftskunde, Wirtschaft und Berufsorientierung (WBS), Geographie, Religion und Ethik. Sie beginnen zum Teil in Klasse 5 und werden alle in Klasse 11 unterrichtet. In der Kursstufe, [&hellip;]<\/p>\n","protected":false},"author":7,"featured_media":0,"parent":104,"menu_order":0,"comment_status":"closed","ping_status":"closed","template":"","meta":{"footnotes":""},"class_list":["post-966","page","type-page","status-publish","hentry"],"_links":{"self":[{"href":"https:\/\/www.humboldt-ka.de\/index.php\/wp-json\/wp\/v2\/pages\/966","targetHints":{"allow":["GET"]}}],"collection":[{"href":"https:\/\/www.humboldt-ka.de\/index.php\/wp-json\/wp\/v2\/pages"}],"about":[{"href":"https:\/\/www.humboldt-ka.de\/index.php\/wp-json\/wp\/v2\/types\/page"}],"author":[{"embeddable":true,"href":"https:\/\/www.humboldt-ka.de\/index.php\/wp-json\/wp\/v2\/users\/7"}],"replies":[{"embeddable":true,"href":"https:\/\/www.humboldt-ka.de\/index.php\/wp-json\/wp\/v2\/comments?post=966"}],"version-history":[{"count":4,"href":"https:\/\/www.humboldt-ka.de\/index.php\/wp-json\/wp\/v2\/pages\/966\/revisions"}],"predecessor-version":[{"id":1282,"href":"https:\/\/www.humboldt-ka.de\/index.php\/wp-json\/wp\/v2\/pages\/966\/revisions\/1282"}],"up":[{"embeddable":true,"href":"https:\/\/www.humboldt-ka.de\/index.php\/wp-json\/wp\/v2\/pages\/104"}],"wp:attachment":[{"href":"https:\/\/www.humboldt-ka.de\/index.php\/wp-json\/wp\/v2\/media?parent=966"}],"curies":[{"name":"wp","href":"https:\/\/api.w.org\/{rel}","templated":true}]}}